{"id":1632,"date":"2026-02-11T10:38:20","date_gmt":"2026-02-11T10:38:20","guid":{"rendered":"https:\/\/nibilife.com\/?page_id=1632"},"modified":"2026-02-12T10:36:44","modified_gmt":"2026-02-12T10:36:44","slug":"cookie-policy","status":"publish","type":"page","link":"https:\/\/nibilife.com\/tr\/cookie-policy\/","title":{"rendered":"\u00c7erez Politikas\u0131"},"content":{"rendered":"<div data-elementor-type=\"wp-page\" data-elementor-id=\"1632\" class=\"elementor elementor-1632\" data-elementor-post-type=\"page\">\n\t\t\t\t<div class=\"elementor-element elementor-element-2021624 e-flex e-con-boxed e-con e-parent\" data-id=\"2021624\" data-element_type=\"container\" data-e-type=\"container\">\n\t\t\t\t\t<div class=\"e-con-inner\">\n\t\t\t\t<div class=\"elementor-element elementor-element-57f1d14 elementor-widget elementor-widget-heading\" data-id=\"57f1d14\" data-element_type=\"widget\" data-e-type=\"widget\" data-widget_type=\"heading.default\">\n\t\t\t\t<div class=\"elementor-widget-container\">\n\t\t\t\t\t<h2 class=\"elementor-heading-title elementor-size-default\">\u00c7erez Politikas\u0131<\/h2>\t\t\t\t<\/div>\n\t\t\t\t<\/div>\n\t\t\t\t<div class=\"elementor-element elementor-element-7a0ecb0 elementor-widget elementor-widget-text-editor\" data-id=\"7a0ecb0\" data-element_type=\"widget\" data-e-type=\"widget\" data-widget_type=\"text-editor.default\">\n\t\t\t\t<div class=\"elementor-widget-container\">\n\t\t\t\t\t\t\t\t\t<p data-path-to-node=\"5\">\u00a0<\/p><p data-path-to-node=\"5\"><b data-path-to-node=\"5\" data-index-in-node=\"0\">Son G\u00fcncelleme: 11 Ocak 2026<\/b><\/p><p>1. G\u0130R\u0130\u015e<br \/>Bu \u00c7erez Politikas\u0131, Yu-ser \u00e7at\u0131s\u0131 alt\u0131ndaki NiBi markas\u0131n\u0131n, nibilife.com adresindeki web sitemizi ziyaret etti\u011finizde sizi tan\u0131mak i\u00e7in \u00e7erezleri ve benzer teknolojileri nas\u0131l kulland\u0131\u011f\u0131n\u0131 a\u00e7\u0131klar. Bu teknolojilerin ne oldu\u011funu, neden kulland\u0131\u011f\u0131m\u0131z\u0131 ve kullan\u0131m\u0131m\u0131z\u0131 kontrol etme haklar\u0131n\u0131z\u0131 anlat\u0131r.<\/p><p>2. \u00c7EREZ NED\u0130R<br \/>\u00c7erezler, bir web sitesini ziyaret etti\u011finizde bilgisayar\u0131n\u0131za veya mobil cihaz\u0131n\u0131za yerle\u015ftirilen k\u00fc\u00e7\u00fck veri dosyalar\u0131d\u0131r. Web sitesi sahipleri taraf\u0131ndan sitelerin \u00e7al\u0131\u015fmas\u0131, daha verimli \u00e7al\u0131\u015fmas\u0131 veya raporlama bilgileri sunmak amac\u0131yla yayg\u0131n olarak kullan\u0131l\u0131rlar.<\/p><p>3. \u00c7EREZLER\u0130 NASIL KULLANIYORUZ<br \/>\u00c7erezleri \u00e7e\u015fitli nedenlerle kullan\u0131yoruz. Baz\u0131 \u00e7erezler Web Sitemizin \u00e7al\u0131\u015fmas\u0131 i\u00e7in teknik nedenlerle gereklidir; bunlara temel veya kesinlikle gerekli \u00e7erezler diyoruz. Di\u011fer \u00e7erezler ise kullan\u0131c\u0131lar\u0131m\u0131z\u0131n ilgi alanlar\u0131n\u0131 takip etmemize ve deneyimi geli\u015ftirmemize olanak tan\u0131r.<\/p><p>4. KULLANDI\u011eIMIZ \u00c7EREZ T\u00dcRLER\u0130<br \/>Kesinlikle Gerekli \u00c7erezler web sitesinin \u00e7al\u0131\u015fmas\u0131 i\u00e7in gereklidir ve sistemlerimizde kapat\u0131lamaz.<br \/>Performans ve Analiz \u00c7erezleri, sitemizin performans\u0131n\u0131 \u00f6l\u00e7ebilmemiz ve iyile\u015ftirebilmemiz i\u00e7in ziyaretleri ve trafik kaynaklar\u0131n\u0131 saymam\u0131za olanak tan\u0131r.<br \/>\u0130\u015flevsellik \u00c7erezleri, web sitesinin geli\u015fmi\u015f i\u015flevsellik ve ki\u015fiselle\u015ftirme sa\u011flamas\u0131na olanak tan\u0131r.<br \/>Hedefleme \u00c7erezleri, reklam ortaklar\u0131m\u0131z taraf\u0131ndan sitemiz \u00fczerinden ayarlanabilir.<\/p><p>5. \u00dc\u00c7\u00dcNC\u00dc TARAF \u00c7EREZLER\u0130<br \/>Kendi \u00e7erezlerimize ek olarak, Hizmetin kullan\u0131m istatistiklerini raporlamak i\u00e7in \u00e7e\u015fitli \u00fc\u00e7\u00fcnc\u00fc taraf \u00e7erezlerini de kullanabiliriz. Bu \u00fc\u00e7\u00fcnc\u00fc taraflar Google Analytics ve TranslatePress hizmetlerini i\u00e7erebilir.<\/p><p>6. \u00c7EREZLER\u0130 NASIL KONTROL EDEB\u0130L\u0130RS\u0130N\u0130Z<br \/>\u00c7erezleri kabul etme veya reddetme hakk\u0131na sahipsiniz. Taray\u0131c\u0131 ayarlar\u0131n\u0131z\u0131 \u00e7erezleri reddedecek \u015fekilde de\u011fi\u015ftirebilirsiniz. \u00c7erezleri reddetmeyi se\u00e7erseniz, web sitemizi kullanmaya devam edebilirsiniz ancak baz\u0131 i\u015flevlere eri\u015fiminiz k\u0131s\u0131tlanabilir.<\/p><p>7. BU POL\u0130T\u0130KADAK\u0130 G\u00dcNCELLEMELER<br \/>Kulland\u0131\u011f\u0131m\u0131z \u00e7erezlerdeki de\u011fi\u015fiklikleri yans\u0131tmak veya di\u011fer operasyonel, yasal veya d\u00fczenleyici nedenlerle bu \u00c7erez Politikas\u0131n\u0131 zaman zaman g\u00fcncelleyebiliriz.<\/p><p>8. \u0130LET\u0130\u015e\u0130M<br \/>\u00c7erezleri veya di\u011fer teknolojileri kullan\u0131m\u0131m\u0131z hakk\u0131nda herhangi bir sorunuz varsa, l\u00fctfen bize e-posta g\u00f6nderin.<br \/>Email: nibi@nibilife.com<\/p><ul data-path-to-node=\"25\"><li>\u00a0<\/li><\/ul>\t\t\t\t\t\t\t\t<\/div>\n\t\t\t\t<\/div>\n\t\t\t\t\t<\/div>\n\t\t\t\t<\/div>\n\t\t\t\t<\/div>","protected":false},"excerpt":{"rendered":"<p>Cookie Policy \u00a0 Last Updated: Januari 11, 2026 1. INTRODUCTIONThis Cookie Policy explains how NiBi, a brand under Yu-ser, uses cookies and similar technologies to recognize you when you visit our website at nibilife.com. It explains what these technologies are and why we use them, as well as your rights to control our use of [&hellip;]<\/p>","protected":false},"author":1,"featured_media":0,"parent":0,"menu_order":0,"comment_status":"closed","ping_status":"closed","template":"","meta":{"site-sidebar-layout":"no-sidebar","site-content-layout":"page-builder","ast-site-content-layout":"full-width-container","site-content-style":"default","site-sidebar-style":"default","ast-global-header-display":"","ast-banner-title-visibility":"","ast-main-header-display":"","ast-hfb-above-header-display":"","ast-hfb-below-header-display":"","ast-hfb-mobile-header-display":"","site-post-title":"disabled","ast-breadcrumbs-content":"","ast-featured-img":"disabled","footer-sml-layout":"","ast-disable-related-posts":"","theme-transparent-header-meta":"","adv-header-id-meta":"","stick-header-meta":"","header-above-stick-meta":"","header-main-stick-meta":"","header-below-stick-meta":"","astra-migrate-meta-layouts":"set","ast-page-background-enabled":"default","ast-page-background-meta":{"desktop":{"background-color":"","background-image":"","background-repeat":"repeat","background-position":"center center","background-size":"auto","background-attachment":"scroll","background-type":"","background-media":"","overlay-type":"","overlay-color":"","overlay-opacity":"","overlay-gradient":""},"tablet":{"background-color":"","background-image":"","background-repeat":"repeat","background-position":"center center","background-size":"auto","background-attachment":"scroll","background-type":"","background-media":"","overlay-type":"","overlay-color":"","overlay-opacity":"","overlay-gradient":""},"mobile":{"background-color":"","background-image":"","background-repeat":"repeat","background-position":"center center","background-size":"auto","background-attachment":"scroll","background-type":"","background-media":"","overlay-type":"","overlay-color":"","overlay-opacity":"","overlay-gradient":""}},"ast-content-background-meta":{"desktop":{"background-color":"var(--ast-global-color-5)","background-image":"","background-repeat":"repeat","background-position":"center center","background-size":"auto","background-attachment":"scroll","background-type":"","background-media":"","overlay-type":"","overlay-color":"","overlay-opacity":"","overlay-gradient":""},"tablet":{"background-color":"var(--ast-global-color-5)","background-image":"","background-repeat":"repeat","background-position":"center center","background-size":"auto","background-attachment":"scroll","background-type":"","background-media":"","overlay-type":"","overlay-color":"","overlay-opacity":"","overlay-gradient":""},"mobile":{"background-color":"var(--ast-global-color-5)","background-image":"","background-repeat":"repeat","background-position":"center center","background-size":"auto","background-attachment":"scroll","background-type":"","background-media":"","overlay-type":"","overlay-color":"","overlay-opacity":"","overlay-gradient":""}},"footnotes":""},"class_list":["post-1632","page","type-page","status-publish","hentry"],"_links":{"self":[{"href":"https:\/\/nibilife.com\/tr\/wp-json\/wp\/v2\/pages\/1632","targetHints":{"allow":["GET"]}}],"collection":[{"href":"https:\/\/nibilife.com\/tr\/wp-json\/wp\/v2\/pages"}],"about":[{"href":"https:\/\/nibilife.com\/tr\/wp-json\/wp\/v2\/types\/page"}],"author":[{"embeddable":true,"href":"https:\/\/nibilife.com\/tr\/wp-json\/wp\/v2\/users\/1"}],"replies":[{"embeddable":true,"href":"https:\/\/nibilife.com\/tr\/wp-json\/wp\/v2\/comments?post=1632"}],"version-history":[{"count":22,"href":"https:\/\/nibilife.com\/tr\/wp-json\/wp\/v2\/pages\/1632\/revisions"}],"predecessor-version":[{"id":1717,"href":"https:\/\/nibilife.com\/tr\/wp-json\/wp\/v2\/pages\/1632\/revisions\/1717"}],"wp:attachment":[{"href":"https:\/\/nibilife.com\/tr\/wp-json\/wp\/v2\/media?parent=1632"}],"curies":[{"name":"wp","href":"https:\/\/api.w.org\/{rel}","templated":true}]}}