{"id":1643,"date":"2026-02-11T10:45:17","date_gmt":"2026-02-11T10:45:17","guid":{"rendered":"https:\/\/nibilife.com\/?page_id=1643"},"modified":"2026-02-12T10:39:45","modified_gmt":"2026-02-12T10:39:45","slug":"terms-of-use","status":"publish","type":"page","link":"https:\/\/nibilife.com\/tr\/terms-of-use\/","title":{"rendered":"Kullan\u0131m Ko\u015fullar\u0131"},"content":{"rendered":"<div data-elementor-type=\"wp-page\" data-elementor-id=\"1643\" class=\"elementor elementor-1643\" data-elementor-post-type=\"page\">\n\t\t\t\t<div class=\"elementor-element elementor-element-18c4d07 e-flex e-con-boxed e-con e-parent\" data-id=\"18c4d07\" data-element_type=\"container\" data-e-type=\"container\">\n\t\t\t\t\t<div class=\"e-con-inner\">\n\t\t\t\t<div class=\"elementor-element elementor-element-e67f5ee elementor-widget elementor-widget-heading\" data-id=\"e67f5ee\" data-element_type=\"widget\" data-e-type=\"widget\" data-widget_type=\"heading.default\">\n\t\t\t\t<div class=\"elementor-widget-container\">\n\t\t\t\t\t<h2 class=\"elementor-heading-title elementor-size-default\">Kullan\u0131m Ko\u015fullar\u0131<\/h2>\t\t\t\t<\/div>\n\t\t\t\t<\/div>\n\t\t\t\t<div class=\"elementor-element elementor-element-ad1c727 elementor-widget elementor-widget-text-editor\" data-id=\"ad1c727\" data-element_type=\"widget\" data-e-type=\"widget\" data-widget_type=\"text-editor.default\">\n\t\t\t\t<div class=\"elementor-widget-container\">\n\t\t\t\t\t\t\t\t\t<p>Son G\u00fcncelleme: 11 Ocak 2026<\/p><p>1. \u015eARTLARIN KABUL\u00dc<br \/>nibilife.com adresine eri\u015ferek ve kullanarak, bu s\u00f6zle\u015fmenin \u015fartlar\u0131n\u0131 ve h\u00fck\u00fcmlerini kabul etmi\u015f olursunuz. Ayr\u0131ca, bu web sitesinin belirli hizmetlerini kullan\u0131rken, s\u00f6z konusu hizmetler i\u00e7in ge\u00e7erli olan yay\u0131nlanm\u0131\u015f y\u00f6nergelere veya kurallara tabi olacaks\u0131n\u0131z.<\/p><p>2. F\u0130KR\u0130 M\u00dcLK\u0130YET<br \/>Site ve \u00f6zg\u00fcn i\u00e7eri\u011fi, \u00f6zellikleri ve i\u015flevselli\u011fi Yu-ser m\u00fclkiyetindedir ve uluslararas\u0131 telif hakk\u0131, marka, patent, ticari s\u0131r ve di\u011fer fikri m\u00fclkiyet veya m\u00fclkiyet haklar\u0131 yasalar\u0131yla korunmaktad\u0131r. G\u00f6lc\u00fck kaynakl\u0131 do\u011fal kaynak suyumuzla ilgili t\u00fcm i\u00e7erikler Yu-ser m\u00fclkiyetindedir.<\/p><p>3. KULLANIM L\u0130SANSI<br \/>NiBi web sitesindeki materyallerin bir kopyas\u0131n\u0131 yaln\u0131zca ki\u015fisel, ticari olmayan ve ge\u00e7ici g\u00f6r\u00fcnt\u00fcleme amac\u0131yla ge\u00e7ici olarak indirme izni verilmi\u015ftir. Bu bir hak devri de\u011fil, lisans verilmesidir. Bu lisans kapsam\u0131nda materyalleri de\u011fi\u015ftiremez veya kopyalayamaz, materyalleri herhangi bir ticari ama\u00e7la kullanamaz veya materyallerden herhangi bir telif hakk\u0131 veya di\u011fer m\u00fclkiyet notlar\u0131n\u0131 kald\u0131ramazs\u0131n\u0131z.<\/p><p>4. SORUMLULUK REDD\u0130<br \/>NiBi web sitesindeki materyaller \"oldu\u011fu gibi\" sa\u011flanmaktad\u0131r. Yu-ser, a\u00e7\u0131k veya z\u0131mni hi\u00e7bir garanti vermez ve ticarete elveri\u015flilik, belirli bir amaca uygunluk veya fikri m\u00fclkiyet haklar\u0131n\u0131n ihlal edilmemesi veya di\u011fer hak ihlalleri dahil ancak bunlarla s\u0131n\u0131rl\u0131 olmamak \u00fczere di\u011fer t\u00fcm garantileri reddeder.<\/p><p>5. SINIRLAMALAR<br \/>Yu-ser veya tedarik\u00e7ileri, NiBi web sitesindeki materyallerin kullan\u0131m\u0131ndan veya kullan\u0131lamamas\u0131ndan kaynaklanan herhangi bir zarardan, veri veya kar kayb\u0131 veya i\u015f kesintisi nedeniyle olu\u015fan zararlar dahil ancak bunlarla s\u0131n\u0131rl\u0131 olmamak \u00fczere, hi\u00e7bir durumda sorumlu tutulamaz.<\/p><p>6. GE\u00c7ERL\u0130 HUKUK<br \/>Bu h\u00fck\u00fcm ve ko\u015fullar T\u00fcrkiye yasalar\u0131na tabidir ve buna g\u00f6re yorumlan\u0131r; siz de bu konumdaki mahkemelerin m\u00fcnhas\u0131r yarg\u0131 yetkisini gayri kabili r\u00fccu olarak kabul edersiniz.<\/p><p>7. \u015eARTLARDA DE\u011e\u0130\u015e\u0130KL\u0130KLER<br \/>Tamamen kendi takdirimize ba\u011fl\u0131 olarak, bu \u015eartlar\u0131 herhangi bir zamanda de\u011fi\u015ftirme veya yerine yenisini koyma hakk\u0131m\u0131z\u0131 sakl\u0131 tutar\u0131z. Neyin \u00f6nemli bir de\u011fi\u015fiklik olu\u015fturaca\u011f\u0131 tamamen kendi takdirimize ba\u011fl\u0131 olarak belirlenecektir.<\/p><p>8. \u0130LET\u0130\u015e\u0130M<br \/>Bu \u015eartlar hakk\u0131nda herhangi bir sorunuz varsa, l\u00fctfen e-posta yoluyla bizimle ileti\u015fime ge\u00e7in.<br \/>Email: nibi@nibilife.com<\/p>\t\t\t\t\t\t\t\t<\/div>\n\t\t\t\t<\/div>\n\t\t\t\t\t<\/div>\n\t\t\t\t<\/div>\n\t\t\t\t<\/div>","protected":false},"excerpt":{"rendered":"<p>Terms of Use Last Updated: Januari 11, 2026 1. ACCEPTANCE OF TERMSBy accessing and using nibilife.com, you accept and agree to be bound by the terms and provision of this agreement. In addition, when using this websites particular services, you shall be subject to any posted guidelines or rules applicable to such services. 2. INTELLECTUAL [&hellip;]<\/p>","protected":false},"author":1,"featured_media":0,"parent":0,"menu_order":0,"comment_status":"closed","ping_status":"closed","template":"","meta":{"site-sidebar-layout":"no-sidebar","site-content-layout":"page-builder","ast-site-content-layout":"full-width-container","site-content-style":"default","site-sidebar-style":"default","ast-global-header-display":"","ast-banner-title-visibility":"","ast-main-header-display":"","ast-hfb-above-header-display":"","ast-hfb-below-header-display":"","ast-hfb-mobile-header-display":"","site-post-title":"disabled","ast-breadcrumbs-content":"","ast-featured-img":"disabled","footer-sml-layout":"","ast-disable-related-posts":"","theme-transparent-header-meta":"","adv-header-id-meta":"","stick-header-meta":"","header-above-stick-meta":"","header-main-stick-meta":"","header-below-stick-meta":"","astra-migrate-meta-layouts":"set","ast-page-background-enabled":"default","ast-page-background-meta":{"desktop":{"background-color":"","background-image":"","background-repeat":"repeat","background-position":"center center","background-size":"auto","background-attachment":"scroll","background-type":"","background-media":"","overlay-type":"","overlay-color":"","overlay-opacity":"","overlay-gradient":""},"tablet":{"background-color":"","background-image":"","background-repeat":"repeat","background-position":"center center","background-size":"auto","background-attachment":"scroll","background-type":"","background-media":"","overlay-type":"","overlay-color":"","overlay-opacity":"","overlay-gradient":""},"mobile":{"background-color":"","background-image":"","background-repeat":"repeat","background-position":"center center","background-size":"auto","background-attachment":"scroll","background-type":"","background-media":"","overlay-type":"","overlay-color":"","overlay-opacity":"","overlay-gradient":""}},"ast-content-background-meta":{"desktop":{"background-color":"var(--ast-global-color-5)","background-image":"","background-repeat":"repeat","background-position":"center center","background-size":"auto","background-attachment":"scroll","background-type":"","background-media":"","overlay-type":"","overlay-color":"","overlay-opacity":"","overlay-gradient":""},"tablet":{"background-color":"var(--ast-global-color-5)","background-image":"","background-repeat":"repeat","background-position":"center center","background-size":"auto","background-attachment":"scroll","background-type":"","background-media":"","overlay-type":"","overlay-color":"","overlay-opacity":"","overlay-gradient":""},"mobile":{"background-color":"var(--ast-global-color-5)","background-image":"","background-repeat":"repeat","background-position":"center center","background-size":"auto","background-attachment":"scroll","background-type":"","background-media":"","overlay-type":"","overlay-color":"","overlay-opacity":"","overlay-gradient":""}},"footnotes":""},"class_list":["post-1643","page","type-page","status-publish","hentry"],"_links":{"self":[{"href":"https:\/\/nibilife.com\/tr\/wp-json\/wp\/v2\/pages\/1643","targetHints":{"allow":["GET"]}}],"collection":[{"href":"https:\/\/nibilife.com\/tr\/wp-json\/wp\/v2\/pages"}],"about":[{"href":"https:\/\/nibilife.com\/tr\/wp-json\/wp\/v2\/types\/page"}],"author":[{"embeddable":true,"href":"https:\/\/nibilife.com\/tr\/wp-json\/wp\/v2\/users\/1"}],"replies":[{"embeddable":true,"href":"https:\/\/nibilife.com\/tr\/wp-json\/wp\/v2\/comments?post=1643"}],"version-history":[{"count":20,"href":"https:\/\/nibilife.com\/tr\/wp-json\/wp\/v2\/pages\/1643\/revisions"}],"predecessor-version":[{"id":1723,"href":"https:\/\/nibilife.com\/tr\/wp-json\/wp\/v2\/pages\/1643\/revisions\/1723"}],"wp:attachment":[{"href":"https:\/\/nibilife.com\/tr\/wp-json\/wp\/v2\/media?parent=1643"}],"curies":[{"name":"wp","href":"https:\/\/api.w.org\/{rel}","templated":true}]}}