{"id":1709,"date":"2026-02-12T10:21:02","date_gmt":"2026-02-12T10:21:02","guid":{"rendered":"https:\/\/nibilife.com\/?page_id=1709"},"modified":"2026-02-12T18:44:26","modified_gmt":"2026-02-12T18:44:26","slug":"innovation-rd","status":"publish","type":"page","link":"https:\/\/nibilife.com\/tr\/innovation-rd\/","title":{"rendered":"\u0130NOVASYON &amp; AR-GE"},"content":{"rendered":"<div data-elementor-type=\"wp-page\" data-elementor-id=\"1709\" class=\"elementor elementor-1709\" data-elementor-post-type=\"page\">\n\t\t\t\t<div class=\"elementor-element elementor-element-c2d3321 e-flex e-con-boxed e-con e-parent\" data-id=\"c2d3321\" data-element_type=\"container\" data-e-type=\"container\" data-settings=\"{&quot;background_background&quot;:&quot;classic&quot;}\">\n\t\t\t\t\t<div class=\"e-con-inner\">\n\t\t<div class=\"elementor-element elementor-element-311c6fd e-con-full e-flex e-con e-child\" data-id=\"311c6fd\" data-element_type=\"container\" data-e-type=\"container\">\n\t\t\t\t<div class=\"elementor-element elementor-element-edf47af elementor-widget elementor-widget-heading\" data-id=\"edf47af\" data-element_type=\"widget\" data-e-type=\"widget\" data-widget_type=\"heading.default\">\n\t\t\t\t<div class=\"elementor-widget-container\">\n\t\t\t\t\t<h2 class=\"elementor-heading-title elementor-size-default\">\u0130NOVASYON &amp; AR-GE<\/h2>\t\t\t\t<\/div>\n\t\t\t\t<\/div>\n\t\t\t\t<div class=\"elementor-element elementor-element-97bfcdc elementor-widget elementor-widget-hfe-infocard\" data-id=\"97bfcdc\" data-element_type=\"widget\" data-e-type=\"widget\" data-widget_type=\"hfe-infocard.default\">\n\t\t\t\t<div class=\"elementor-widget-container\">\n\t\t\t\t\t\n\t\t<div class=\"hfe-infocard\">\n\t\t\t\t\t\t\t\t\t<div class=\"hfe-infocard-title-wrap\">\n\t\t\t\t<h2 class=\"hfe-infocard-title elementor-inline-editing\" data-elementor-setting-key=\"infocard_title\" data-elementor-inline-editing-toolbar=\"basic\" >Hidrasyonun Gelece\u011fine \u00d6nc\u00fcl\u00fck Ediyoruz<\/h2>\t\t\t<\/div>\n\t\t\t\t\t\t<div class=\"hfe-infocard-text-wrap\">\n\t\t\t\t<div class=\"hfe-infocard-text elementor-inline-editing\" data-elementor-setting-key=\"infocard_description\" data-elementor-inline-editing-toolbar=\"advanced\">\n\t\t\t\t\tNiBi olarak sadece su \u015fi\u015felemiyoruz; hidrasyonun gelece\u011fini tasarl\u0131yoruz. Ar-Ge ekibimiz, G\u00f6lc\u00fck do\u011fas\u0131n\u0131n safl\u0131\u011f\u0131 ile yar\u0131n\u0131n ileri teknolojisi aras\u0131nda bir k\u00f6pr\u00fc kuruyor.\t\t\t\t<\/div>\n\t\t\t\t\t\t\t<\/div>\n\t\t<\/div>\n\n\t\t\t\t\t\t<\/div>\n\t\t\t\t<\/div>\n\t\t<div class=\"elementor-element elementor-element-0927f4b e-con-full e-flex e-con e-child\" data-id=\"0927f4b\" data-element_type=\"container\" data-e-type=\"container\">\n\t\t<div class=\"elementor-element elementor-element-b00d048 e-con-full e-flex e-con e-child\" data-id=\"b00d048\" data-element_type=\"container\" data-e-type=\"container\">\n\t\t\t\t<div class=\"elementor-element elementor-element-50a28f6 elementor-align-center elementor-mobile-align-center elementor-widget elementor-widget-button\" data-id=\"50a28f6\" data-element_type=\"widget\" data-e-type=\"widget\" data-widget_type=\"button.default\">\n\t\t\t\t<div class=\"elementor-widget-container\">\n\t\t\t\t\t\t\t\t\t<div class=\"elementor-button-wrapper\">\n\t\t\t\t\t<a class=\"elementor-button elementor-button-link elementor-size-lg\" href=\"https:\/\/nibilife.com\/tr\/products\/\">\n\t\t\t\t\t\t<span class=\"elementor-button-content-wrapper\">\n\t\t\t\t\t\t\t\t\t<span class=\"elementor-button-text\">Discover Our Tech<\/span>\n\t\t\t\t\t<\/span>\n\t\t\t\t\t<\/a>\n\t\t\t\t<\/div>\n\t\t\t\t\t\t\t\t<\/div>\n\t\t\t\t<\/div>\n\t\t\t\t<\/div>\n\t\t\t\t<\/div>\n\t\t\t\t<\/div>\n\t\t\t\t\t<\/div>\n\t\t\t\t<\/div>\n\t\t<div class=\"elementor-element elementor-element-0bbbbe0 e-flex e-con-boxed e-con e-parent\" data-id=\"0bbbbe0\" data-element_type=\"container\" data-e-type=\"container\" data-settings=\"{&quot;background_background&quot;:&quot;classic&quot;}\">\n\t\t\t\t\t<div class=\"e-con-inner\">\n\t\t<div class=\"elementor-element elementor-element-224c3a3 e-con-full e-flex e-con e-child\" data-id=\"224c3a3\" data-element_type=\"container\" data-e-type=\"container\">\n\t\t\t\t<div class=\"elementor-element elementor-element-d018477 elementor-widget elementor-widget-hfe-infocard\" data-id=\"d018477\" data-element_type=\"widget\" data-e-type=\"widget\" data-widget_type=\"hfe-infocard.default\">\n\t\t\t\t<div class=\"elementor-widget-container\">\n\t\t\t\t\t\n\t\t<div class=\"hfe-infocard\">\n\t\t\t\t\t\t\t\t\t<div class=\"hfe-infocard-title-wrap\">\n\t\t\t\t<h2 class=\"hfe-infocard-title elementor-inline-editing\" data-elementor-setting-key=\"infocard_title\" data-elementor-inline-editing-toolbar=\"basic\" >1. Yeni Nesil \u0130\u00e7ecek Geli\u015ftirme<\/h2>\t\t\t<\/div>\n\t\t\t\t\t\t<div class=\"hfe-infocard-text-wrap\">\n\t\t\t\t<div class=\"hfe-infocard-text elementor-inline-editing\" data-elementor-setting-key=\"infocard_description\" data-elementor-inline-editing-toolbar=\"advanced\">\n\t\t\t\t\tPortf\u00f6y\u00fcm\u00fcz\u00fc saf kaynak suyunun \u00f6tesine ta\u015f\u0131yoruz. Ar-Ge laboratuvar\u0131m\u0131z, gazl\u0131 su (maden suyu), vitamin bak\u0131m\u0131ndan zengin fonksiyonel i\u00e7ecekler ve do\u011fal aromal\u0131 d\u00fc\u015f\u00fck kalorili i\u00e7ecekler form\u00fcle etmek i\u00e7in aktif olarak \u00e7al\u0131\u015f\u0131yor. NiBi'nin safl\u0131\u011f\u0131n\u0131 do\u011fal meyve \u00f6zleriyle birle\u015ftirerek modern t\u00fcketici i\u00e7in sa\u011fl\u0131kl\u0131 ve ferahlat\u0131c\u0131 alternatifler yaratmay\u0131 hedefliyoruz.\t\t\t\t<\/div>\n\t\t\t\t\t\t\t<\/div>\n\t\t<\/div>\n\n\t\t\t\t\t\t<\/div>\n\t\t\t\t<\/div>\n\t\t\t\t<\/div>\n\t\t<div class=\"elementor-element elementor-element-cc19729 e-con-full e-flex e-con e-child\" data-id=\"cc19729\" data-element_type=\"container\" data-e-type=\"container\">\n\t\t\t\t<div class=\"elementor-element elementor-element-75005b5 elementor-widget elementor-widget-video\" data-id=\"75005b5\" data-element_type=\"widget\" data-e-type=\"widget\" data-settings=\"{&quot;video_type&quot;:&quot;hosted&quot;,&quot;controls&quot;:&quot;yes&quot;}\" data-widget_type=\"video.default\">\n\t\t\t\t<div class=\"elementor-widget-container\">\n\t\t\t\t\t\t\t<div class=\"e-hosted-video elementor-wrapper elementor-open-inline\">\n\t\t\t\t\t<video class=\"elementor-video\" src=\"https:\/\/nibilife.com\/wp-content\/uploads\/2026\/02\/icecekler-video.mp4\" controls=\"\" preload=\"metadata\" controlslist=\"nodownload\"><\/video>\n\t\t\t\t<\/div>\n\t\t\t\t\t\t<\/div>\n\t\t\t\t<\/div>\n\t\t\t\t<\/div>\n\t\t\t\t\t<\/div>\n\t\t\t\t<\/div>\n\t\t<div class=\"elementor-element elementor-element-256c826 e-flex e-con-boxed e-con e-parent\" data-id=\"256c826\" data-element_type=\"container\" data-e-type=\"container\" data-settings=\"{&quot;background_background&quot;:&quot;classic&quot;}\">\n\t\t\t\t\t<div class=\"e-con-inner\">\n\t\t<div class=\"elementor-element elementor-element-ce3524c e-con-full e-flex e-con e-child\" data-id=\"ce3524c\" data-element_type=\"container\" data-e-type=\"container\">\n\t\t\t\t<div class=\"elementor-element elementor-element-7a4fa81 elementor-widget elementor-widget-image\" data-id=\"7a4fa81\" data-element_type=\"widget\" data-e-type=\"widget\" data-widget_type=\"image.default\">\n\t\t\t\t<div class=\"elementor-widget-container\">\n\t\t\t\t\t\t\t\t\t\t\t\t\t\t\t<img fetchpriority=\"high\" decoding=\"async\" width=\"1024\" height=\"559\" src=\"https:\/\/nibilife.com\/wp-content\/uploads\/2026\/02\/zero-waste-1-1024x559.webp\" class=\"attachment-large size-large wp-image-1760\" alt=\"zero waste 1\" srcset=\"https:\/\/nibilife.com\/wp-content\/uploads\/2026\/02\/zero-waste-1-1024x559.webp 1024w, https:\/\/nibilife.com\/wp-content\/uploads\/2026\/02\/zero-waste-1-300x164.webp 300w, https:\/\/nibilife.com\/wp-content\/uploads\/2026\/02\/zero-waste-1-768x419.webp 768w, https:\/\/nibilife.com\/wp-content\/uploads\/2026\/02\/zero-waste-1-1536x838.webp 1536w, https:\/\/nibilife.com\/wp-content\/uploads\/2026\/02\/zero-waste-1-scaled.webp 1920w, https:\/\/nibilife.com\/wp-content\/uploads\/2026\/02\/zero-waste-1-18x10.webp 18w\" sizes=\"(max-width: 1024px) 100vw, 1024px\" title=\"Innovation &amp; R&amp;D\">\t\t\t\t\t\t\t\t\t\t\t\t\t\t\t<\/div>\n\t\t\t\t<\/div>\n\t\t\t\t<\/div>\n\t\t<div class=\"elementor-element elementor-element-87884e5 e-con-full e-flex e-con e-child\" data-id=\"87884e5\" data-element_type=\"container\" data-e-type=\"container\">\n\t\t\t\t<div class=\"elementor-element elementor-element-cf1f3a7 elementor-widget elementor-widget-hfe-infocard\" data-id=\"cf1f3a7\" data-element_type=\"widget\" data-e-type=\"widget\" data-widget_type=\"hfe-infocard.default\">\n\t\t\t\t<div class=\"elementor-widget-container\">\n\t\t\t\t\t\n\t\t<div class=\"hfe-infocard\">\n\t\t\t\t\t\t\t\t\t<div class=\"hfe-infocard-title-wrap\">\n\t\t\t\t<h2 class=\"hfe-infocard-title elementor-inline-editing\" data-elementor-setting-key=\"infocard_title\" data-elementor-inline-editing-toolbar=\"basic\" >2. S\u00fcrd\u00fcr\u00fclebilir Ambalaj<\/h2>\t\t\t<\/div>\n\t\t\t\t\t\t<div class=\"hfe-infocard-text-wrap\">\n\t\t\t\t<div class=\"hfe-infocard-text elementor-inline-editing\" data-elementor-setting-key=\"infocard_description\" data-elementor-inline-editing-toolbar=\"advanced\">\n\t\t\t\t\tMisyonumuz S\u0131f\u0131r At\u0131k. Biyo-bozunur bitki bazl\u0131 \u015fi\u015fe teknolojilerini ara\u015ft\u0131r\u0131yor, kapak ve etiketlerimizde plastik kullan\u0131m\u0131n\u0131 azalt\u0131yoruz. Hedefimiz, \u00fcr\u00fcn tazeli\u011fini korurken \u00e7evresel etkimizi en aza indirerek tamamen d\u00f6ng\u00fcsel bir ambalaj ya\u015fam d\u00f6ng\u00fcs\u00fcne ula\u015fmakt\u0131r.\t\t\t\t<\/div>\n\t\t\t\t\t\t\t<\/div>\n\t\t<\/div>\n\n\t\t\t\t\t\t<\/div>\n\t\t\t\t<\/div>\n\t\t\t\t<\/div>\n\t\t\t\t\t<\/div>\n\t\t\t\t<\/div>\n\t\t<div class=\"elementor-element elementor-element-a8769e4 e-flex e-con-boxed e-con e-parent\" data-id=\"a8769e4\" data-element_type=\"container\" data-e-type=\"container\" data-settings=\"{&quot;background_background&quot;:&quot;classic&quot;}\">\n\t\t\t\t\t<div class=\"e-con-inner\">\n\t\t<div class=\"elementor-element elementor-element-5b2eaa2 e-con-full e-flex e-con e-child\" data-id=\"5b2eaa2\" data-element_type=\"container\" data-e-type=\"container\">\n\t\t\t\t<div class=\"elementor-element elementor-element-038942e elementor-widget elementor-widget-hfe-infocard\" data-id=\"038942e\" data-element_type=\"widget\" data-e-type=\"widget\" data-widget_type=\"hfe-infocard.default\">\n\t\t\t\t<div class=\"elementor-widget-container\">\n\t\t\t\t\t\n\t\t<div class=\"hfe-infocard\">\n\t\t\t\t\t\t\t\t\t<div class=\"hfe-infocard-title-wrap\">\n\t\t\t\t<h2 class=\"hfe-infocard-title elementor-inline-editing\" data-elementor-setting-key=\"infocard_title\" data-elementor-inline-editing-toolbar=\"basic\" >3. Ak\u0131ll\u0131 Kaynak Y\u00f6netimi<\/h2>\t\t\t<\/div>\n\t\t\t\t\t\t<div class=\"hfe-infocard-text-wrap\">\n\t\t\t\t<div class=\"hfe-infocard-text elementor-inline-editing\" data-elementor-setting-key=\"infocard_description\" data-elementor-inline-editing-toolbar=\"advanced\">\n\t\t\t\t\tG\u00f6lc\u00fck'te do\u011fa teknolojiyle bulu\u015fuyor. Geli\u015fmi\u015f yapay zeka destekli IoT sens\u00f6rlerini kullanarak, kaynak suyumuzun mineral dengesini, pH seviyelerini ve ak\u0131\u015f h\u0131zlar\u0131n\u0131 ger\u00e7ek zamanl\u0131 olarak izliyoruz. Bu dijital koruyuculuk, her damla NiBi suyunun \u015fi\u015felenmeden \u00f6nce en y\u00fcksek kalite standartlar\u0131n\u0131 kar\u015f\u0131lamas\u0131n\u0131 sa\u011flar.\t\t\t\t<\/div>\n\t\t\t\t\t\t\t<\/div>\n\t\t<\/div>\n\n\t\t\t\t\t\t<\/div>\n\t\t\t\t<\/div>\n\t\t\t\t<\/div>\n\t\t<div class=\"elementor-element elementor-element-50bc8a4 e-con-full e-flex e-con e-child\" data-id=\"50bc8a4\" data-element_type=\"container\" data-e-type=\"container\">\n\t\t\t\t<div class=\"elementor-element elementor-element-ed7452d elementor-widget elementor-widget-image\" data-id=\"ed7452d\" data-element_type=\"widget\" data-e-type=\"widget\" data-widget_type=\"image.default\">\n\t\t\t\t<div class=\"elementor-widget-container\">\n\t\t\t\t\t\t\t\t\t\t\t\t\t\t\t<img decoding=\"async\" width=\"1024\" height=\"683\" src=\"https:\/\/nibilife.com\/wp-content\/uploads\/2026\/02\/smart-source-1024x683.webp\" class=\"attachment-large size-large wp-image-1770\" alt=\"smart source\" srcset=\"https:\/\/nibilife.com\/wp-content\/uploads\/2026\/02\/smart-source-1024x683.webp 1024w, https:\/\/nibilife.com\/wp-content\/uploads\/2026\/02\/smart-source-300x200.webp 300w, https:\/\/nibilife.com\/wp-content\/uploads\/2026\/02\/smart-source-768x512.webp 768w, https:\/\/nibilife.com\/wp-content\/uploads\/2026\/02\/smart-source-18x12.webp 18w, https:\/\/nibilife.com\/wp-content\/uploads\/2026\/02\/smart-source.webp 1536w\" sizes=\"(max-width: 1024px) 100vw, 1024px\" title=\"Innovation &amp; R&amp;D\">\t\t\t\t\t\t\t\t\t\t\t\t\t\t\t<\/div>\n\t\t\t\t<\/div>\n\t\t\t\t<\/div>\n\t\t\t\t\t<\/div>\n\t\t\t\t<\/div>\n\t\t<div class=\"elementor-element elementor-element-35889b1 e-flex e-con-boxed e-con e-parent\" data-id=\"35889b1\" data-element_type=\"container\" data-e-type=\"container\" data-settings=\"{&quot;background_background&quot;:&quot;classic&quot;}\">\n\t\t\t\t\t<div class=\"e-con-inner\">\n\t\t<div class=\"elementor-element elementor-element-7f64d10 e-con-full e-flex e-con e-child\" data-id=\"7f64d10\" data-element_type=\"container\" data-e-type=\"container\">\n\t\t\t\t<div class=\"elementor-element elementor-element-33ef242 elementor-widget elementor-widget-image\" data-id=\"33ef242\" data-element_type=\"widget\" data-e-type=\"widget\" data-widget_type=\"image.default\">\n\t\t\t\t<div class=\"elementor-widget-container\">\n\t\t\t\t\t\t\t\t\t\t\t\t\t\t\t<img decoding=\"async\" width=\"1024\" height=\"683\" src=\"https:\/\/nibilife.com\/wp-content\/uploads\/2026\/02\/suplay-chain-1024x683.webp\" class=\"attachment-large size-large wp-image-1774\" alt=\"suplay chain\" srcset=\"https:\/\/nibilife.com\/wp-content\/uploads\/2026\/02\/suplay-chain-1024x683.webp 1024w, https:\/\/nibilife.com\/wp-content\/uploads\/2026\/02\/suplay-chain-300x200.webp 300w, https:\/\/nibilife.com\/wp-content\/uploads\/2026\/02\/suplay-chain-768x512.webp 768w, https:\/\/nibilife.com\/wp-content\/uploads\/2026\/02\/suplay-chain-18x12.webp 18w, https:\/\/nibilife.com\/wp-content\/uploads\/2026\/02\/suplay-chain.webp 1248w\" sizes=\"(max-width: 1024px) 100vw, 1024px\" title=\"Innovation &amp; R&amp;D\">\t\t\t\t\t\t\t\t\t\t\t\t\t\t\t<\/div>\n\t\t\t\t<\/div>\n\t\t\t\t<\/div>\n\t\t<div class=\"elementor-element elementor-element-db2ac1c e-con-full e-flex e-con e-child\" data-id=\"db2ac1c\" data-element_type=\"container\" data-e-type=\"container\">\n\t\t\t\t<div class=\"elementor-element elementor-element-feb2f2a elementor-widget elementor-widget-hfe-infocard\" data-id=\"feb2f2a\" data-element_type=\"widget\" data-e-type=\"widget\" data-widget_type=\"hfe-infocard.default\">\n\t\t\t\t<div class=\"elementor-widget-container\">\n\t\t\t\t\t\n\t\t<div class=\"hfe-infocard\">\n\t\t\t\t\t\t\t\t\t<div class=\"hfe-infocard-title-wrap\">\n\t\t\t\t<h2 class=\"hfe-infocard-title elementor-inline-editing\" data-elementor-setting-key=\"infocard_title\" data-elementor-inline-editing-toolbar=\"basic\" >4. Karbon Ayak \u0130zi Azaltma<\/h2>\t\t\t<\/div>\n\t\t\t\t\t\t<div class=\"hfe-infocard-text-wrap\">\n\t\t\t\t<div class=\"hfe-infocard-text elementor-inline-editing\" data-elementor-setting-key=\"infocard_description\" data-elementor-inline-editing-toolbar=\"advanced\">\n\t\t\t\t\tDaha ye\u015fil bir tedarik zincirine kararl\u0131y\u0131z. Lojistik ekibimiz, yak\u0131t t\u00fcketimini ve CO2 emisyonlar\u0131n\u0131 \u00f6nemli \u00f6l\u00e7\u00fcde d\u00fc\u015f\u00fcrmek i\u00e7in yapay zeka ile optimize edilmi\u015f teslimat rotalar\u0131 geli\u015ftiriyor. Ayr\u0131ca daha temiz bir gelecek i\u00e7in da\u011f\u0131t\u0131m filomuza elektrikli ara\u00e7lar\u0131n entegrasyonunu planl\u0131yoruz.\t\t\t\t<\/div>\n\t\t\t\t\t\t\t<\/div>\n\t\t<\/div>\n\n\t\t\t\t\t\t<\/div>\n\t\t\t\t<\/div>\n\t\t\t\t<\/div>\n\t\t\t\t\t<\/div>\n\t\t\t\t<\/div>\n\t\t\t\t<\/div>","protected":false},"excerpt":{"rendered":"<p>Innovation &amp; R&amp;D Pioneering the Future of Hydration At NiBi, we don&#8217;t just bottle water; we engineer the future of hydration. Our R&amp;D team represents the bridge between the purity of G\u00f6lc\u00fck\u2019s nature and the advanced technology of tomorrow. Discover Our Tech 1. Next-Gen Beverage Development We are expanding our portfolio beyond pure spring water. [&hellip;]<\/p>","protected":false},"author":1,"featured_media":0,"parent":0,"menu_order":0,"comment_status":"closed","ping_status":"closed","template":"","meta":{"site-sidebar-layout":"no-sidebar","site-content-layout":"page-builder","ast-site-content-layout":"full-width-container","site-content-style":"default","site-sidebar-style":"default","ast-global-header-display":"","ast-banner-title-visibility":"","ast-main-header-display":"","ast-hfb-above-header-display":"","ast-hfb-below-header-display":"","ast-hfb-mobile-header-display":"","site-post-title":"disabled","ast-breadcrumbs-content":"","ast-featured-img":"disabled","footer-sml-layout":"","ast-disable-related-posts":"","theme-transparent-header-meta":"","adv-header-id-meta":"","stick-header-meta":"","header-above-stick-meta":"","header-main-stick-meta":"","header-below-stick-meta":"","astra-migrate-meta-layouts":"set","ast-page-background-enabled":"default","ast-page-background-meta":{"desktop":{"background-color":"","background-image":"","background-repeat":"repeat","background-position":"center center","background-size":"auto","background-attachment":"scroll","background-type":"","background-media":"","overlay-type":"","overlay-color":"","overlay-opacity":"","overlay-gradient":""},"tablet":{"background-color":"","background-image":"","background-repeat":"repeat","background-position":"center center","background-size":"auto","background-attachment":"scroll","background-type":"","background-media":"","overlay-type":"","overlay-color":"","overlay-opacity":"","overlay-gradient":""},"mobile":{"background-color":"","background-image":"","background-repeat":"repeat","background-position":"center center","background-size":"auto","background-attachment":"scroll","background-type":"","background-media":"","overlay-type":"","overlay-color":"","overlay-opacity":"","overlay-gradient":""}},"ast-content-background-meta":{"desktop":{"background-color":"var(--ast-global-color-5)","background-image":"","background-repeat":"repeat","background-position":"center center","background-size":"auto","background-attachment":"scroll","background-type":"","background-media":"","overlay-type":"","overlay-color":"","overlay-opacity":"","overlay-gradient":""},"tablet":{"background-color":"var(--ast-global-color-5)","background-image":"","background-repeat":"repeat","background-position":"center center","background-size":"auto","background-attachment":"scroll","background-type":"","background-media":"","overlay-type":"","overlay-color":"","overlay-opacity":"","overlay-gradient":""},"mobile":{"background-color":"var(--ast-global-color-5)","background-image":"","background-repeat":"repeat","background-position":"center center","background-size":"auto","background-attachment":"scroll","background-type":"","background-media":"","overlay-type":"","overlay-color":"","overlay-opacity":"","overlay-gradient":""}},"footnotes":""},"class_list":["post-1709","page","type-page","status-publish","hentry"],"_links":{"self":[{"href":"https:\/\/nibilife.com\/tr\/wp-json\/wp\/v2\/pages\/1709","targetHints":{"allow":["GET"]}}],"collection":[{"href":"https:\/\/nibilife.com\/tr\/wp-json\/wp\/v2\/pages"}],"about":[{"href":"https:\/\/nibilife.com\/tr\/wp-json\/wp\/v2\/types\/page"}],"author":[{"embeddable":true,"href":"https:\/\/nibilife.com\/tr\/wp-json\/wp\/v2\/users\/1"}],"replies":[{"embeddable":true,"href":"https:\/\/nibilife.com\/tr\/wp-json\/wp\/v2\/comments?post=1709"}],"version-history":[{"count":68,"href":"https:\/\/nibilife.com\/tr\/wp-json\/wp\/v2\/pages\/1709\/revisions"}],"predecessor-version":[{"id":1847,"href":"https:\/\/nibilife.com\/tr\/wp-json\/wp\/v2\/pages\/1709\/revisions\/1847"}],"wp:attachment":[{"href":"https:\/\/nibilife.com\/tr\/wp-json\/wp\/v2\/media?parent=1709"}],"curies":[{"name":"wp","href":"https:\/\/api.w.org\/{rel}","templated":true}]}}