{"id":3,"date":"2026-02-10T10:59:20","date_gmt":"2026-02-10T10:59:20","guid":{"rendered":"https:\/\/nibilife.com\/?page_id=3"},"modified":"2026-02-12T10:38:44","modified_gmt":"2026-02-12T10:38:44","slug":"privacy-policy","status":"publish","type":"page","link":"https:\/\/nibilife.com\/tr\/privacy-policy\/","title":{"rendered":"G\u0130ZL\u0130L\u0130K POL\u0130T\u0130KASI"},"content":{"rendered":"<div data-elementor-type=\"wp-page\" data-elementor-id=\"3\" class=\"elementor elementor-3\" data-elementor-post-type=\"page\">\n\t\t\t\t<div class=\"elementor-element elementor-element-748b7fc0 e-flex e-con-boxed e-con e-parent\" data-id=\"748b7fc0\" data-element_type=\"container\" data-e-type=\"container\">\n\t\t\t\t\t<div class=\"e-con-inner\">\n\t\t\t\t<div class=\"elementor-element elementor-element-e2542b1 elementor-widget elementor-widget-heading\" data-id=\"e2542b1\" data-element_type=\"widget\" data-e-type=\"widget\" data-widget_type=\"heading.default\">\n\t\t\t\t<div class=\"elementor-widget-container\">\n\t\t\t\t\t<h2 class=\"elementor-heading-title elementor-size-default\">G\u0130ZL\u0130L\u0130K POL\u0130T\u0130KASI<\/h2>\t\t\t\t<\/div>\n\t\t\t\t<\/div>\n\t\t\t\t<div class=\"elementor-element elementor-element-63931b68 elementor-widget elementor-widget-text-editor\" data-id=\"63931b68\" data-element_type=\"widget\" data-e-type=\"widget\" data-widget_type=\"text-editor.default\">\n\t\t\t\t<div class=\"elementor-widget-container\">\n\t\t\t\t\t\t\t\t\t<p>Son G\u00fcncelleme: 11 Ocak 2026<\/p><p>1. G\u0130R\u0130\u015e<br \/>nibilife.com adresindeki NiBi web sitesine ho\u015f geldiniz. Bu Gizlilik Politikas\u0131, NiBi'nin ana \u015firketi olan Yu-ser'in, web sitemizi ziyaret etti\u011finizde ve hizmetlerimizi kulland\u0131\u011f\u0131n\u0131zda bilgilerinizi nas\u0131l toplad\u0131\u011f\u0131n\u0131, kulland\u0131\u011f\u0131n\u0131 ve korudu\u011funu a\u00e7\u0131klar. Gizlili\u011finizin korunmas\u0131n\u0131 sa\u011flamay\u0131 taahh\u00fct ediyoruz.<\/p><p>2. TOPLADI\u011eIMIZ B\u0130LG\u0130LER<br \/>Bizimle ileti\u015fime ge\u00e7ti\u011finizde isim ve e-posta adresi gibi ileti\u015fim bilgilerini toplayabiliriz. Ayr\u0131ca, IP adresleri, taray\u0131c\u0131 t\u00fcrleri ve ziyaret edilen sayfalar dahil olmak \u00fczere web sitemizi nas\u0131l kulland\u0131\u011f\u0131n\u0131za ili\u015fkin kullan\u0131m verilerini de toplar\u0131z. Ek olarak, tarama deneyiminizi geli\u015ftirmek i\u00e7in \u00e7erezler kullan\u0131r\u0131z.<\/p><p>3. B\u0130LG\u0130LER\u0130 NASIL KULLANIYORUZ<br \/>Toplanan verileri; hizmetlerimizi sa\u011flamak ve s\u00fcrd\u00fcrmek, G\u00f6lc\u00fck kaynakl\u0131 do\u011fal kaynak suyumuz da dahil olmak \u00fczere \u00fcr\u00fcnlerimizi geli\u015ftirmek, sorular\u0131n\u0131z veya sipari\u015flerinizle ilgili olarak sizinle ileti\u015fim kurmak ve T\u00fcrkiye'deki KVKK gibi yasal y\u00fck\u00fcml\u00fcl\u00fcklere uymak i\u00e7in kullan\u0131yoruz.<\/p><p>4. VER\u0130 KORUMA<br \/>i\u015fisel bilgilerinizin g\u00fcvenli\u011fini sa\u011flamak i\u00e7in \u00e7e\u015fitli g\u00fcvenlik \u00f6nlemleri uyguluyoruz. Verileriniz, Yu-ser taraf\u0131ndan y\u00f6netilen g\u00fcvenli sunucularda saklanmaktad\u0131r.<\/p><p>5. \u00dc\u00c7\u00dcNC\u00dc TARAFLARA A\u00c7IKLAMA<br \/>Ki\u015fisel olarak tan\u0131mlanabilir bilgilerinizi; web sitemizi i\u015fletmemize ve i\u015fimizi y\u00fcr\u00fctmemize yard\u0131mc\u0131 olan ve bu bilgileri gizli tutmay\u0131 kabul eden g\u00fcvenilir \u00fc\u00e7\u00fcnc\u00fc taraflar haricinde, d\u0131\u015f taraflara satm\u0131yor, takas etmiyor veya ba\u015fka bir \u015fekilde aktarm\u0131yoruz.<\/p><p>6. HAKLARINIZ<br \/>Bulundu\u011funuz konuma ba\u011fl\u0131 olarak; hakk\u0131n\u0131zda tuttu\u011fumuz verilere eri\u015fme, hatal\u0131 verilerin d\u00fczeltilmesini talep etme ve verilerinizin silinmesini talep etme hakk\u0131na sahipsiniz.<\/p><p>7. \u0130LET\u0130\u015e\u0130M<br \/>Bu Gizlilik Politikas\u0131 ile ilgili herhangi bir sorunuz varsa, e-posta yoluyla bizimle ileti\u015fime ge\u00e7ebilirsiniz.<br \/>Email: nibi@nibilife.com<\/p>\t\t\t\t\t\t\t\t<\/div>\n\t\t\t\t<\/div>\n\t\t\t\t\t<\/div>\n\t\t\t\t<\/div>\n\t\t\t\t<\/div>","protected":false},"excerpt":{"rendered":"<p>Privacy Policy Last Updated: Januari 11, 2026 1. INTRODUCTIONWelcome to NiBi website at nibilife.com. This Privacy Policy explains how Yu-ser, the parent company of NiBi, collects, uses, and protects your information when you visit our website and use our services. We are committed to ensuring that your privacy is protected. 2. INFORMATION WE COLLECTWe may [&hellip;]<\/p>","protected":false},"author":1,"featured_media":0,"parent":0,"menu_order":0,"comment_status":"closed","ping_status":"open","template":"","meta":{"site-sidebar-layout":"default","site-content-layout":"","ast-site-content-layout":"default","site-content-style":"default","site-sidebar-style":"default","ast-global-header-display":"","ast-banner-title-visibility":"","ast-main-header-display":"","ast-hfb-above-header-display":"","ast-hfb-below-header-display":"","ast-hfb-mobile-header-display":"","site-post-title":"disabled","ast-breadcrumbs-content":"","ast-featured-img":"","footer-sml-layout":"","ast-disable-related-posts":"","theme-transparent-header-meta":"","adv-header-id-meta":"","stick-header-meta":"","header-above-stick-meta":"","header-main-stick-meta":"","header-below-stick-meta":"","astra-migrate-meta-layouts":"default","ast-page-background-enabled":"default","ast-page-background-meta":{"desktop":{"background-color":"","background-image":"","background-repeat":"repeat","background-position":"center center","background-size":"auto","background-attachment":"scroll","background-type":"","background-media":"","overlay-type":"","overlay-color":"","overlay-opacity":"","overlay-gradient":""},"tablet":{"background-color":"","background-image":"","background-repeat":"repeat","background-position":"center center","background-size":"auto","background-attachment":"scroll","background-type":"","background-media":"","overlay-type":"","overlay-color":"","overlay-opacity":"","overlay-gradient":""},"mobile":{"background-color":"","background-image":"","background-repeat":"repeat","background-position":"center center","background-size":"auto","background-attachment":"scroll","background-type":"","background-media":"","overlay-type":"","overlay-color":"","overlay-opacity":"","overlay-gradient":""}},"ast-content-background-meta":{"desktop":{"background-color":"var(--ast-global-color-5)","background-image":"","background-repeat":"repeat","background-position":"center center","background-size":"auto","background-attachment":"scroll","background-type":"","background-media":"","overlay-type":"","overlay-color":"","overlay-opacity":"","overlay-gradient":""},"tablet":{"background-color":"var(--ast-global-color-5)","background-image":"","background-repeat":"repeat","background-position":"center center","background-size":"auto","background-attachment":"scroll","background-type":"","background-media":"","overlay-type":"","overlay-color":"","overlay-opacity":"","overlay-gradient":""},"mobile":{"background-color":"var(--ast-global-color-5)","background-image":"","background-repeat":"repeat","background-position":"center center","background-size":"auto","background-attachment":"scroll","background-type":"","background-media":"","overlay-type":"","overlay-color":"","overlay-opacity":"","overlay-gradient":""}},"footnotes":""},"class_list":["post-3","page","type-page","status-publish","hentry"],"_links":{"self":[{"href":"https:\/\/nibilife.com\/tr\/wp-json\/wp\/v2\/pages\/3","targetHints":{"allow":["GET"]}}],"collection":[{"href":"https:\/\/nibilife.com\/tr\/wp-json\/wp\/v2\/pages"}],"about":[{"href":"https:\/\/nibilife.com\/tr\/wp-json\/wp\/v2\/types\/page"}],"author":[{"embeddable":true,"href":"https:\/\/nibilife.com\/tr\/wp-json\/wp\/v2\/users\/1"}],"replies":[{"embeddable":true,"href":"https:\/\/nibilife.com\/tr\/wp-json\/wp\/v2\/comments?post=3"}],"version-history":[{"count":24,"href":"https:\/\/nibilife.com\/tr\/wp-json\/wp\/v2\/pages\/3\/revisions"}],"predecessor-version":[{"id":1720,"href":"https:\/\/nibilife.com\/tr\/wp-json\/wp\/v2\/pages\/3\/revisions\/1720"}],"wp:attachment":[{"href":"https:\/\/nibilife.com\/tr\/wp-json\/wp\/v2\/media?parent=3"}],"curies":[{"name":"wp","href":"https:\/\/api.w.org\/{rel}","templated":true}]}}