{"id":30,"date":"2026-02-10T11:40:55","date_gmt":"2026-02-10T11:40:55","guid":{"rendered":"https:\/\/nibilife.com\/home\/"},"modified":"2026-02-13T09:16:40","modified_gmt":"2026-02-13T09:16:40","slug":"home","status":"publish","type":"page","link":"https:\/\/nibilife.com\/tr\/","title":{"rendered":"Anasayfa"},"content":{"rendered":"<div data-elementor-type=\"wp-page\" data-elementor-id=\"30\" class=\"elementor elementor-30\" data-elementor-post-type=\"page\">\n\t\t\t\t<div class=\"elementor-element elementor-element-93a966b e-flex e-con-boxed e-con e-parent\" data-id=\"93a966b\" data-element_type=\"container\" data-e-type=\"container\" data-settings=\"{&quot;background_background&quot;:&quot;classic&quot;}\">\n\t\t\t\t\t<div class=\"e-con-inner\">\n\t\t<div class=\"elementor-element elementor-element-018abcf e-con-full e-flex e-con e-child\" data-id=\"018abcf\" data-element_type=\"container\" data-e-type=\"container\">\n\t\t\t\t<div class=\"elementor-element elementor-element-e3cf46e elementor-widget elementor-widget-heading\" data-id=\"e3cf46e\" data-element_type=\"widget\" data-e-type=\"widget\" data-widget_type=\"heading.default\">\n\t\t\t\t<div class=\"elementor-widget-container\">\n\t\t\t\t\t<h2 class=\"elementor-heading-title elementor-size-default\">Hikayemiz<\/h2>\t\t\t\t<\/div>\n\t\t\t\t<\/div>\n\t\t\t\t<div class=\"elementor-element elementor-element-280a15b elementor-widget elementor-widget-hfe-infocard\" data-id=\"280a15b\" data-element_type=\"widget\" data-e-type=\"widget\" data-widget_type=\"hfe-infocard.default\">\n\t\t\t\t<div class=\"elementor-widget-container\">\n\t\t\t\t\t\n\t\t<div class=\"hfe-infocard\">\n\t\t\t\t\t\t\t\t\t<div class=\"hfe-infocard-title-wrap\">\n\t\t\t\t<h2 class=\"hfe-infocard-title elementor-inline-editing\" data-elementor-setting-key=\"infocard_title\" data-elementor-inline-editing-toolbar=\"basic\" >G\u00f6lc\u00fck Ormanlar\u0131n\u0131n Kalbinden Gelen Safl\u0131k<\/h2>\t\t\t<\/div>\n\t\t\t\t\t\t<div class=\"hfe-infocard-text-wrap\">\n\t\t\t\t<div class=\"hfe-infocard-text elementor-inline-editing\" data-elementor-setting-key=\"infocard_description\" data-elementor-inline-editing-toolbar=\"advanced\">\n\t\t\t\t\tNiBi is born in the lush nature of G\u00f6lc\u00fck, \u0130r\u015fadiye. Spanning over 51,000 m\u00b2 of protected land, our facility bottles the miracle of nature directly at the source. Rich in natural minerals and untouched by human hands, NiBi brings the freshness of the summit to your table. Produced by Nibi drinks with the highest hygiene standards.\t\t\t\t<\/div>\n\t\t\t\t\t\t\t<\/div>\n\t\t<\/div>\n\n\t\t\t\t\t\t<\/div>\n\t\t\t\t<\/div>\n\t\t<div class=\"elementor-element elementor-element-4b31cda e-con-full e-flex e-con e-child\" data-id=\"4b31cda\" data-element_type=\"container\" data-e-type=\"container\">\n\t\t<div class=\"elementor-element elementor-element-ff6a699 e-con-full e-flex e-con e-child\" data-id=\"ff6a699\" data-element_type=\"container\" data-e-type=\"container\">\n\t\t\t\t<div class=\"elementor-element elementor-element-d5b442c elementor-align-center elementor-mobile-align-center elementor-widget elementor-widget-button\" data-id=\"d5b442c\" data-element_type=\"widget\" data-e-type=\"widget\" data-widget_type=\"button.default\">\n\t\t\t\t<div class=\"elementor-widget-container\">\n\t\t\t\t\t\t\t\t\t<div class=\"elementor-button-wrapper\">\n\t\t\t\t\t<a class=\"elementor-button elementor-button-link elementor-size-lg\" href=\"https:\/\/nibilife.com\/tr\/products\/\">\n\t\t\t\t\t\t<span class=\"elementor-button-content-wrapper\">\n\t\t\t\t\t\t\t\t\t<span class=\"elementor-button-text\">\u00dcr\u00fcnlerimiz<\/span>\n\t\t\t\t\t<\/span>\n\t\t\t\t\t<\/a>\n\t\t\t\t<\/div>\n\t\t\t\t\t\t\t\t<\/div>\n\t\t\t\t<\/div>\n\t\t\t\t<\/div>\n\t\t<div class=\"elementor-element elementor-element-1287f27 e-con-full e-flex e-con e-child\" data-id=\"1287f27\" data-element_type=\"container\" data-e-type=\"container\">\n\t\t\t\t<div class=\"elementor-element elementor-element-fb6dd67 elementor-align-center elementor-mobile-align-center elementor-widget elementor-widget-button\" data-id=\"fb6dd67\" data-element_type=\"widget\" data-e-type=\"widget\" data-widget_type=\"button.default\">\n\t\t\t\t<div class=\"elementor-widget-container\">\n\t\t\t\t\t\t\t\t\t<div class=\"elementor-button-wrapper\">\n\t\t\t\t\t<a class=\"elementor-button elementor-button-link elementor-size-lg\" href=\"https:\/\/nibilife.com\/tr\/our-story\/\">\n\t\t\t\t\t\t<span class=\"elementor-button-content-wrapper\">\n\t\t\t\t\t\t\t\t\t<span class=\"elementor-button-text\">Hakk\u0131m\u0131zda<\/span>\n\t\t\t\t\t<\/span>\n\t\t\t\t\t<\/a>\n\t\t\t\t<\/div>\n\t\t\t\t\t\t\t\t<\/div>\n\t\t\t\t<\/div>\n\t\t\t\t<\/div>\n\t\t\t\t<\/div>\n\t\t\t\t<\/div>\n\t\t\t\t\t<\/div>\n\t\t\t\t<\/div>\n\t\t<div class=\"elementor-element elementor-element-7ce0046 e-flex e-con-boxed e-con e-parent\" data-id=\"7ce0046\" data-element_type=\"container\" data-e-type=\"container\" data-settings=\"{&quot;background_background&quot;:&quot;classic&quot;}\">\n\t\t\t\t\t<div class=\"e-con-inner\">\n\t\t<div class=\"elementor-element elementor-element-6eaedaf e-con-full e-flex e-con e-child\" data-id=\"6eaedaf\" data-element_type=\"container\" data-e-type=\"container\" data-settings=\"{&quot;background_background&quot;:&quot;slideshow&quot;,&quot;background_slideshow_gallery&quot;:[{&quot;id&quot;:14,&quot;url&quot;:&quot;https:\\\/\\\/nibilife.com\\\/wp-content\\\/uploads\\\/2020\\\/04\\\/green-leafed-trees-during-fog-time-167684.jpg&quot;}],&quot;background_slideshow_loop&quot;:&quot;yes&quot;,&quot;background_slideshow_slide_duration&quot;:5000,&quot;background_slideshow_slide_transition&quot;:&quot;fade&quot;,&quot;background_slideshow_transition_duration&quot;:500}\">\n\t\t\t\t<div class=\"elementor-element elementor-element-9160df0 elementor-widget elementor-widget-heading\" data-id=\"9160df0\" data-element_type=\"widget\" data-e-type=\"widget\" data-widget_type=\"heading.default\">\n\t\t\t\t<div class=\"elementor-widget-container\">\n\t\t\t\t\t<h2 class=\"elementor-heading-title elementor-size-default\"><a href=\"https:\/\/nibilife.com\/tr\/our-story\/#Source\">Do\u011fal Kaynak<\/a><\/h2>\t\t\t\t<\/div>\n\t\t\t\t<\/div>\n\t\t\t\t<\/div>\n\t\t<div class=\"elementor-element elementor-element-0a492be e-con-full e-flex e-con e-child\" data-id=\"0a492be\" data-element_type=\"container\" data-e-type=\"container\" data-settings=\"{&quot;background_background&quot;:&quot;slideshow&quot;,&quot;background_slideshow_gallery&quot;:[{&quot;id&quot;:15,&quot;url&quot;:&quot;https:\\\/\\\/nibilife.com\\\/wp-content\\\/uploads\\\/2020\\\/04\\\/snowy-mountain-1287145.jpg&quot;}],&quot;background_slideshow_loop&quot;:&quot;yes&quot;,&quot;background_slideshow_slide_duration&quot;:5000,&quot;background_slideshow_slide_transition&quot;:&quot;fade&quot;,&quot;background_slideshow_transition_duration&quot;:500}\">\n\t\t\t\t<div class=\"elementor-element elementor-element-4613dbb elementor-widget elementor-widget-heading\" data-id=\"4613dbb\" data-element_type=\"widget\" data-e-type=\"widget\" data-widget_type=\"heading.default\">\n\t\t\t\t<div class=\"elementor-widget-container\">\n\t\t\t\t\t<h2 class=\"elementor-heading-title elementor-size-default\"><a href=\"https:\/\/nibilife.com\/tr\/products\/#ProtectedLand\">Koruma Alan\u0131<\/a><\/h2>\t\t\t\t<\/div>\n\t\t\t\t<\/div>\n\t\t\t\t<\/div>\n\t\t<div class=\"elementor-element elementor-element-bd9d8f3 e-con-full e-flex e-con e-child\" data-id=\"bd9d8f3\" data-element_type=\"container\" data-e-type=\"container\" data-settings=\"{&quot;background_background&quot;:&quot;slideshow&quot;,&quot;background_slideshow_gallery&quot;:[{&quot;id&quot;:1564,&quot;url&quot;:&quot;https:\\\/\\\/nibilife.com\\\/wp-content\\\/uploads\\\/2026\\\/02\\\/water-bottling.webp&quot;}],&quot;background_slideshow_loop&quot;:&quot;yes&quot;,&quot;background_slideshow_slide_duration&quot;:5000,&quot;background_slideshow_slide_transition&quot;:&quot;fade&quot;,&quot;background_slideshow_transition_duration&quot;:500}\">\n\t\t\t\t<div class=\"elementor-element elementor-element-fd60125 elementor-widget elementor-widget-heading\" data-id=\"fd60125\" data-element_type=\"widget\" data-e-type=\"widget\" data-widget_type=\"heading.default\">\n\t\t\t\t<div class=\"elementor-widget-container\">\n\t\t\t\t\t<h2 class=\"elementor-heading-title elementor-size-default\"><a href=\"https:\/\/nibilife.com\/tr\/our-story\/#technology\">\u0130leri Teknoloji<\/a><\/h2>\t\t\t\t<\/div>\n\t\t\t\t<\/div>\n\t\t\t\t<\/div>\n\t\t\t\t\t<\/div>\n\t\t\t\t<\/div>\n\t\t<div class=\"elementor-element elementor-element-adf2e66 e-flex e-con-boxed e-con e-parent\" data-id=\"adf2e66\" data-element_type=\"container\" data-e-type=\"container\" data-settings=\"{&quot;background_background&quot;:&quot;classic&quot;}\">\n\t\t\t\t\t<div class=\"e-con-inner\">\n\t\t<div class=\"elementor-element elementor-element-1484cea e-con-full e-flex e-con e-child\" data-id=\"1484cea\" data-element_type=\"container\" data-e-type=\"container\">\n\t\t\t\t<div class=\"elementor-element elementor-element-dfaa4ac elementor-widget elementor-widget-heading\" data-id=\"dfaa4ac\" data-element_type=\"widget\" data-e-type=\"widget\" data-widget_type=\"heading.default\">\n\t\t\t\t<div class=\"elementor-widget-container\">\n\t\t\t\t\t<h2 class=\"elementor-heading-title elementor-size-default\">Tescilli Kalite ve Hijyen<\/h2>\t\t\t\t<\/div>\n\t\t\t\t<\/div>\n\t\t\t\t<\/div>\n\t\t<div class=\"elementor-element elementor-element-9e967ca e-con-full e-flex e-con e-child\" data-id=\"9e967ca\" data-element_type=\"container\" data-e-type=\"container\">\n\t\t\t\t<div class=\"elementor-element elementor-element-e15f0d4 elementor-widget elementor-widget-text-editor\" data-id=\"e15f0d4\" data-element_type=\"widget\" data-e-type=\"widget\" data-widget_type=\"text-editor.default\">\n\t\t\t\t<div class=\"elementor-widget-container\">\n\t\t\t\t\t\t\t\t\t<p>\u0130leri ultrafiltrasyon ve ozonlama teknolojisi kullan\u0131larak el de\u011fmeden \u015fi\u015felenir. 51.500 m\u00b2'lik koruma alt\u0131ndaki arazide kurulu tesisimiz, her damlada uluslararas\u0131 hijyen standartlar\u0131n\u0131 garanti eder.<\/p>\t\t\t\t\t\t\t\t<\/div>\n\t\t\t\t<\/div>\n\t\t\t\t<div class=\"elementor-element elementor-element-77398d6 elementor-tablet-align-center elementor-widget elementor-widget-button\" data-id=\"77398d6\" data-element_type=\"widget\" data-e-type=\"widget\" data-widget_type=\"button.default\">\n\t\t\t\t<div class=\"elementor-widget-container\">\n\t\t\t\t\t\t\t\t\t<div class=\"elementor-button-wrapper\">\n\t\t\t\t\t<a class=\"elementor-button elementor-button-link elementor-size-sm\" href=\"https:\/\/nibilife.com\/tr\/contact\/\">\n\t\t\t\t\t\t<span class=\"elementor-button-content-wrapper\">\n\t\t\t\t\t\t\t\t\t<span class=\"elementor-button-text\">Bize Ula\u015f\u0131n<\/span>\n\t\t\t\t\t<\/span>\n\t\t\t\t\t<\/a>\n\t\t\t\t<\/div>\n\t\t\t\t\t\t\t\t<\/div>\n\t\t\t\t<\/div>\n\t\t\t\t<\/div>\n\t\t\t\t\t<\/div>\n\t\t\t\t<\/div>\n\t\t<div class=\"elementor-element elementor-element-d970c71 e-flex e-con-boxed e-con e-parent\" data-id=\"d970c71\" data-element_type=\"container\" data-e-type=\"container\" data-settings=\"{&quot;background_background&quot;:&quot;classic&quot;}\">\n\t\t\t\t\t<div class=\"e-con-inner\">\n\t\t<div class=\"elementor-element elementor-element-a5be9c4 e-con-full e-flex e-con e-child\" data-id=\"a5be9c4\" data-element_type=\"container\" data-e-type=\"container\">\n\t\t\t\t<div class=\"elementor-element elementor-element-665ab9e elementor-widget elementor-widget-hfe-infocard\" data-id=\"665ab9e\" data-element_type=\"widget\" data-e-type=\"widget\" data-widget_type=\"hfe-infocard.default\">\n\t\t\t\t<div class=\"elementor-widget-container\">\n\t\t\t\t\t\n\t\t<div class=\"hfe-infocard\">\n\t\t\t\t\t\t\t\t\t<div class=\"hfe-infocard-title-wrap\">\n\t\t\t\t<h2 class=\"hfe-infocard-title elementor-inline-editing\" data-elementor-setting-key=\"infocard_title\" data-elementor-inline-editing-toolbar=\"basic\" >\u0130\u015f Orta\u011f\u0131m\u0131z Olun<\/h2>\t\t\t<\/div>\n\t\t\t\t\t\t<div class=\"hfe-infocard-text-wrap\">\n\t\t\t\t<div class=\"hfe-infocard-text elementor-inline-editing\" data-elementor-setting-key=\"infocard_description\" data-elementor-inline-editing-toolbar=\"advanced\">\n\t\t\t\t\tBayilik f\u0131rsatlar\u0131 ve toptan sipari\u015fler i\u00e7in bizimle ileti\u015fime ge\u00e7in. Birlikte b\u00fcy\u00fcyelim.\t\t\t\t<\/div>\n\t\t\t\t\t\t\t<\/div>\n\t\t<\/div>\n\n\t\t\t\t\t\t<\/div>\n\t\t\t\t<\/div>\n\t\t\t\t<div class=\"elementor-element elementor-element-7698d76 elementor-align-center elementor-widget elementor-widget-button\" data-id=\"7698d76\" data-element_type=\"widget\" data-e-type=\"widget\" data-widget_type=\"button.default\">\n\t\t\t\t<div class=\"elementor-widget-container\">\n\t\t\t\t\t\t\t\t\t<div class=\"elementor-button-wrapper\">\n\t\t\t\t\t<a class=\"elementor-button elementor-button-link elementor-size-lg\" href=\"https:\/\/nibilife.com\/tr\/contact\/\">\n\t\t\t\t\t\t<span class=\"elementor-button-content-wrapper\">\n\t\t\t\t\t\t\t\t\t<span class=\"elementor-button-text\">Teklif Al\u0131n<\/span>\n\t\t\t\t\t<\/span>\n\t\t\t\t\t<\/a>\n\t\t\t\t<\/div>\n\t\t\t\t\t\t\t\t<\/div>\n\t\t\t\t<\/div>\n\t\t\t\t<\/div>\n\t\t\t\t\t<\/div>\n\t\t\t\t<\/div>\n\t\t<div class=\"elementor-element elementor-element-391ece5 e-flex e-con-boxed e-con e-parent\" data-id=\"391ece5\" data-element_type=\"container\" data-e-type=\"container\" data-settings=\"{&quot;background_background&quot;:&quot;classic&quot;}\">\n\t\t\t\t\t<div class=\"e-con-inner\">\n\t\t\t\t<div class=\"elementor-element elementor-element-b9b2d08 elementor-widget elementor-widget-heading\" data-id=\"b9b2d08\" data-element_type=\"widget\" data-e-type=\"widget\" data-widget_type=\"heading.default\">\n\t\t\t\t<div class=\"elementor-widget-container\">\n\t\t\t\t\t<h2 class=\"elementor-heading-title elementor-size-default\">Do\u011fadan D\u00fcnyaya<\/h2>\t\t\t\t<\/div>\n\t\t\t\t<\/div>\n\t\t\t\t\t<\/div>\n\t\t\t\t<\/div>\n\t\t<div class=\"elementor-element elementor-element-5315d6e e-grid e-con-full e-con e-parent\" data-id=\"5315d6e\" data-element_type=\"container\" data-e-type=\"container\" data-settings=\"{&quot;background_background&quot;:&quot;classic&quot;}\">\n\t\t<div class=\"elementor-element elementor-element-0aaf3ce e-flex e-con-boxed e-con e-child\" data-id=\"0aaf3ce\" data-element_type=\"container\" data-e-type=\"container\">\n\t\t\t\t\t<div class=\"e-con-inner\">\n\t\t\t\t<div class=\"elementor-element elementor-element-76e8604 elementor-widget elementor-widget-text-editor\" data-id=\"76e8604\" data-element_type=\"widget\" data-e-type=\"widget\" data-widget_type=\"text-editor.default\">\n\t\t\t\t<div class=\"elementor-widget-container\">\n\t\t\t\t\t\t\t\t\t<p>G\u00f6lc\u00fck'\u00fcn mucizesini, el de\u011fmemi\u015f do\u011fa ile modern ya\u015fam aras\u0131nda bir k\u00f6pr\u00fc kurarak do\u011frudan sofralar\u0131n\u0131za getiriyoruz. \u0130r\u015fadiye'nin koruma alt\u0131ndaki \u00e7am ormanlar\u0131n\u0131n kalbinde yer alan tesisimiz, safl\u0131\u011f\u0131n \u00f6z\u00fcn\u00fc son teknolojiyle ve s\u0131f\u0131r insan temas\u0131yla \u015fi\u015feliyor.Da\u011flar\u0131n zirvesinden d\u00fcnya pazarlar\u0131na uzanan bu yolculukta NiBi; sa\u011fl\u0131kl\u0131, ferahlat\u0131c\u0131 ve ayr\u0131cal\u0131kl\u0131 bir su deneyimini d\u00fcnyaya sunmaya devam ediyor.\" <b data-path-to-node=\"4,0\" data-index-in-node=\"256\">zero human contact<\/b>. From the summit of the mountains to the global market, NiBi continues to deliver a healthy, refreshing, and premium hydration experience to the world.<\/p>\t\t\t\t\t\t\t\t<\/div>\n\t\t\t\t<\/div>\n\t\t\t\t<div class=\"elementor-element elementor-element-b9b37cd elementor-icon-list--layout-traditional elementor-list-item-link-full_width elementor-widget elementor-widget-icon-list\" data-id=\"b9b37cd\" data-element_type=\"widget\" data-e-type=\"widget\" data-widget_type=\"icon-list.default\">\n\t\t\t\t<div class=\"elementor-widget-container\">\n\t\t\t\t\t\t\t<ul class=\"elementor-icon-list-items\">\n\t\t\t\t\t\t\t<li class=\"elementor-icon-list-item\">\n\t\t\t\t\t\t\t\t\t\t\t<span class=\"elementor-icon-list-icon\">\n\t\t\t\t\t\t\t<i aria-hidden=\"true\" class=\"fas fa-leaf\"><\/i>\t\t\t\t\t\t<\/span>\n\t\t\t\t\t\t\t\t\t\t<span class=\"elementor-icon-list-text\">51.000 m\u00b2 Koruma Alan\u0131 <\/span>\n\t\t\t\t\t\t\t\t\t<\/li>\n\t\t\t\t\t\t\t\t<li class=\"elementor-icon-list-item\">\n\t\t\t\t\t\t\t\t\t\t\t<span class=\"elementor-icon-list-icon\">\n\t\t\t\t\t\t\t<i aria-hidden=\"true\" class=\"fas fa-leaf\"><\/i>\t\t\t\t\t\t<\/span>\n\t\t\t\t\t\t\t\t\t\t<span class=\"elementor-icon-list-text\">Do\u011fal Mineral Dengesi<\/span>\n\t\t\t\t\t\t\t\t\t<\/li>\n\t\t\t\t\t\t\t\t<li class=\"elementor-icon-list-item\">\n\t\t\t\t\t\t\t\t\t\t\t<span class=\"elementor-icon-list-icon\">\n\t\t\t\t\t\t\t<i aria-hidden=\"true\" class=\"fas fa-leaf\"><\/i>\t\t\t\t\t\t<\/span>\n\t\t\t\t\t\t\t\t\t\t<span class=\"elementor-icon-list-text\">\u0130leri Hijyen Teknolojisi<\/span>\n\t\t\t\t\t\t\t\t\t<\/li>\n\t\t\t\t\t\t<\/ul>\n\t\t\t\t\t\t<\/div>\n\t\t\t\t<\/div>\n\t\t\t\t\t<\/div>\n\t\t\t\t<\/div>\n\t\t\t\t<div class=\"elementor-element elementor-element-d975c71 elementor-arrows-position-inside elementor-pagination-position-outside elementor-widget elementor-widget-image-carousel\" data-id=\"d975c71\" data-element_type=\"widget\" data-e-type=\"widget\" data-settings=\"{&quot;slides_to_show&quot;:&quot;1&quot;,&quot;navigation&quot;:&quot;both&quot;,&quot;autoplay&quot;:&quot;yes&quot;,&quot;pause_on_hover&quot;:&quot;yes&quot;,&quot;pause_on_interaction&quot;:&quot;yes&quot;,&quot;autoplay_speed&quot;:5000,&quot;infinite&quot;:&quot;yes&quot;,&quot;effect&quot;:&quot;slide&quot;,&quot;speed&quot;:500}\" data-widget_type=\"image-carousel.default\">\n\t\t\t\t<div class=\"elementor-widget-container\">\n\t\t\t\t\t\t\t<div class=\"elementor-image-carousel-wrapper swiper\" role=\"region\" aria-roledescription=\"carousel\" aria-label=\"Image Carousel\" dir=\"ltr\">\n\t\t\t<div class=\"elementor-image-carousel swiper-wrapper\" aria-live=\"off\">\n\t\t\t\t\t\t\t\t<div class=\"swiper-slide\" role=\"group\" aria-roledescription=\"slide\" aria-label=\"1 \/ 7\"><figure class=\"swiper-slide-inner\"><img decoding=\"async\" class=\"swiper-slide-image\" src=\"https:\/\/nibilife.com\/wp-content\/uploads\/2026\/02\/mineral-water-5LT-1024x682.webp\" alt=\"mineral water 5lt\" title=\"Anasayfa\"><\/figure><\/div><div class=\"swiper-slide\" role=\"group\" aria-roledescription=\"slide\" aria-label=\"2 \/ 7\"><figure class=\"swiper-slide-inner\"><img decoding=\"async\" class=\"swiper-slide-image\" src=\"https:\/\/nibilife.com\/wp-content\/uploads\/2026\/02\/factory2-1024x686.webp\" alt=\"factory2\" title=\"Anasayfa\"><\/figure><\/div><div class=\"swiper-slide\" role=\"group\" aria-roledescription=\"slide\" aria-label=\"3 \/ 7\"><figure class=\"swiper-slide-inner\"><img decoding=\"async\" class=\"swiper-slide-image\" src=\"https:\/\/nibilife.com\/wp-content\/uploads\/2026\/02\/water-bottling.webp\" alt=\"water bottling\" title=\"Anasayfa\"><\/figure><\/div><div class=\"swiper-slide\" role=\"group\" aria-roledescription=\"slide\" aria-label=\"4 \/ 7\"><figure class=\"swiper-slide-inner\"><img decoding=\"async\" class=\"swiper-slide-image\" src=\"https:\/\/nibilife.com\/wp-content\/uploads\/2020\/04\/snowy-mountain-1287145.jpg\" alt=\"snowy mountain 1287145.jpg\" title=\"Anasayfa\"><\/figure><\/div><div class=\"swiper-slide\" role=\"group\" aria-roledescription=\"slide\" aria-label=\"5 \/ 7\"><figure class=\"swiper-slide-inner\"><img decoding=\"async\" class=\"swiper-slide-image\" src=\"https:\/\/nibilife.com\/wp-content\/uploads\/2020\/04\/green-leafed-trees-during-fog-time-167684.jpg\" alt=\"green leafed trees during fog time 167684.jpg\" title=\"Anasayfa\"><\/figure><\/div><div class=\"swiper-slide\" role=\"group\" aria-roledescription=\"slide\" aria-label=\"6 \/ 7\"><figure class=\"swiper-slide-inner\"><img decoding=\"async\" class=\"swiper-slide-image\" src=\"https:\/\/nibilife.com\/wp-content\/uploads\/2026\/02\/golcuk-tabiat-park.webp\" alt=\"golcuk tabiat park\" title=\"Anasayfa\"><\/figure><\/div><div class=\"swiper-slide\" role=\"group\" aria-roledescription=\"slide\" aria-label=\"7 \/ 7\"><figure class=\"swiper-slide-inner\"><img decoding=\"async\" class=\"swiper-slide-image\" src=\"https:\/\/nibilife.com\/wp-content\/uploads\/2026\/02\/Golcuk-Tabiat-Parki-karli.webp\" alt=\"golcuk tabiat parki karli\" title=\"Anasayfa\"><\/figure><\/div>\t\t\t<\/div>\n\t\t\t\t\t\t\t\t\t\t\t\t<div class=\"elementor-swiper-button elementor-swiper-button-prev\" role=\"button\" tabindex=\"0\">\n\t\t\t\t\t\t<i aria-hidden=\"true\" class=\"eicon-chevron-left\"><\/i>\t\t\t\t\t<\/div>\n\t\t\t\t\t<div class=\"elementor-swiper-button elementor-swiper-button-next\" role=\"button\" tabindex=\"0\">\n\t\t\t\t\t\t<i aria-hidden=\"true\" class=\"eicon-chevron-right\"><\/i>\t\t\t\t\t<\/div>\n\t\t\t\t\n\t\t\t\t\t\t\t\t\t<div class=\"swiper-pagination\"><\/div>\n\t\t\t\t\t\t\t\t\t<\/div>\n\t\t\t\t\t\t<\/div>\n\t\t\t\t<\/div>\n\t\t\t\t<\/div>\n\t\t\t\t<\/div>","protected":false},"excerpt":{"rendered":"<p>OUR STORY Purity From The Heart Of G\u00f6lc\u00fck Forests NiBi is born in the lush nature of G\u00f6lc\u00fck, \u0130r\u015fadiye. Spanning over 51,000 m\u00b2 of protected land, our facility bottles the miracle of nature directly at the source. Rich in natural minerals and untouched by human hands, NiBi brings the freshness of the summit to your [&hellip;]<\/p>","protected":false},"author":1,"featured_media":0,"parent":0,"menu_order":0,"comment_status":"closed","ping_status":"closed","template":"","meta":{"site-sidebar-layout":"no-sidebar","site-content-layout":"page-builder","ast-site-content-layout":"default","site-content-style":"default","site-sidebar-style":"default","ast-global-header-display":"","ast-banner-title-visibility":"","ast-main-header-display":"","ast-hfb-above-header-display":"","ast-hfb-below-header-display":"","ast-hfb-mobile-header-display":"","site-post-title":"disabled","ast-breadcrumbs-content":"","ast-featured-img":"","footer-sml-layout":"","ast-disable-related-posts":"","theme-transparent-header-meta":"enabled","adv-header-id-meta":"","stick-header-meta":"","header-above-stick-meta":"","header-main-stick-meta":"","header-below-stick-meta":"","astra-migrate-meta-layouts":"default","ast-page-background-enabled":"default","ast-page-background-meta":{"desktop":{"background-color":"","background-image":"","background-repeat":"repeat","background-position":"center center","background-size":"auto","background-attachment":"scroll","background-type":"","background-media":"","overlay-type":"","overlay-color":"","overlay-opacity":"","overlay-gradient":""},"tablet":{"background-color":"","background-image":"","background-repeat":"repeat","background-position":"center center","background-size":"auto","background-attachment":"scroll","background-type":"","background-media":"","overlay-type":"","overlay-color":"","overlay-opacity":"","overlay-gradient":""},"mobile":{"background-color":"","background-image":"","background-repeat":"repeat","background-position":"center center","background-size":"auto","background-attachment":"scroll","background-type":"","background-media":"","overlay-type":"","overlay-color":"","overlay-opacity":"","overlay-gradient":""}},"ast-content-background-meta":{"desktop":{"background-color":"var(--ast-global-color-5)","background-image":"","background-repeat":"repeat","background-position":"center center","background-size":"auto","background-attachment":"scroll","background-type":"","background-media":"","overlay-type":"","overlay-color":"","overlay-opacity":"","overlay-gradient":""},"tablet":{"background-color":"var(--ast-global-color-5)","background-image":"","background-repeat":"repeat","background-position":"center center","background-size":"auto","background-attachment":"scroll","background-type":"","background-media":"","overlay-type":"","overlay-color":"","overlay-opacity":"","overlay-gradient":""},"mobile":{"background-color":"var(--ast-global-color-5)","background-image":"","background-repeat":"repeat","background-position":"center center","background-size":"auto","background-attachment":"scroll","background-type":"","background-media":"","overlay-type":"","overlay-color":"","overlay-opacity":"","overlay-gradient":""}},"footnotes":""},"class_list":["post-30","page","type-page","status-publish","hentry"],"_links":{"self":[{"href":"https:\/\/nibilife.com\/tr\/wp-json\/wp\/v2\/pages\/30","targetHints":{"allow":["GET"]}}],"collection":[{"href":"https:\/\/nibilife.com\/tr\/wp-json\/wp\/v2\/pages"}],"about":[{"href":"https:\/\/nibilife.com\/tr\/wp-json\/wp\/v2\/types\/page"}],"author":[{"embeddable":true,"href":"https:\/\/nibilife.com\/tr\/wp-json\/wp\/v2\/users\/1"}],"replies":[{"embeddable":true,"href":"https:\/\/nibilife.com\/tr\/wp-json\/wp\/v2\/comments?post=30"}],"version-history":[{"count":153,"href":"https:\/\/nibilife.com\/tr\/wp-json\/wp\/v2\/pages\/30\/revisions"}],"predecessor-version":[{"id":1867,"href":"https:\/\/nibilife.com\/tr\/wp-json\/wp\/v2\/pages\/30\/revisions\/1867"}],"wp:attachment":[{"href":"https:\/\/nibilife.com\/tr\/wp-json\/wp\/v2\/media?parent=30"}],"curies":[{"name":"wp","href":"https:\/\/api.w.org\/{rel}","templated":true}]}}