{"id":31,"date":"2026-02-10T11:40:55","date_gmt":"2026-02-10T11:40:55","guid":{"rendered":"https:\/\/nibilife.com\/about\/"},"modified":"2026-02-18T15:27:00","modified_gmt":"2026-02-18T15:27:00","slug":"our-story","status":"publish","type":"page","link":"https:\/\/nibilife.com\/tr\/our-story\/","title":{"rendered":"Hakk\u0131m\u0131zda"},"content":{"rendered":"<div data-elementor-type=\"wp-page\" data-elementor-id=\"31\" class=\"elementor elementor-31\" data-elementor-post-type=\"page\">\n\t\t\t\t<div class=\"elementor-element elementor-element-9010cd0 e-flex e-con-boxed e-con e-parent\" data-id=\"9010cd0\" data-element_type=\"container\" data-e-type=\"container\" data-settings=\"{&quot;background_background&quot;:&quot;classic&quot;}\">\n\t\t\t\t\t<div class=\"e-con-inner\">\n\t\t<div class=\"elementor-element elementor-element-5a69cc7 e-con-full e-flex e-con e-child\" data-id=\"5a69cc7\" data-element_type=\"container\" data-e-type=\"container\">\n\t\t\t\t<div class=\"elementor-element elementor-element-f184ec7 elementor-widget elementor-widget-heading\" data-id=\"f184ec7\" data-element_type=\"widget\" data-e-type=\"widget\" data-widget_type=\"heading.default\">\n\t\t\t\t<div class=\"elementor-widget-container\">\n\t\t\t\t\t<h1 class=\"elementor-heading-title elementor-size-default\">Safl\u0131\u011f\u0131n Yolculu\u011fu: G\u00f6lc\u00fck'ten Size<\/h1>\t\t\t\t<\/div>\n\t\t\t\t<\/div>\n\t\t\t\t<div class=\"elementor-element elementor-element-25953a8 elementor-widget elementor-widget-text-editor\" data-id=\"25953a8\" data-element_type=\"widget\" data-e-type=\"widget\" data-widget_type=\"text-editor.default\">\n\t\t\t\t<div class=\"elementor-widget-container\">\n\t\t\t\t\t\t\t\t\t<p>Her damla bir sab\u0131r hikayesi anlat\u0131r. Y\u0131llar boyunca G\u00f6lc\u00fck'\u00fcn kadim kayalar\u0131 aras\u0131ndan do\u011fal olarak s\u00fcz\u00fclen ve g\u00fcn y\u00fcz\u00fcne \u00e7\u0131kmadan \u00f6nce minerallerle zenginle\u015fen bir ser\u00fcven. Bizler sadece bu do\u011fal mucizenin koruyucular\u0131y\u0131z.<\/p>\t\t\t\t\t\t\t\t<\/div>\n\t\t\t\t<\/div>\n\t\t\t\t<\/div>\n\t\t\t\t\t<\/div>\n\t\t\t\t<\/div>\n\t\t<div class=\"elementor-element elementor-element-a529ccb e-flex e-con-boxed e-con e-parent\" data-id=\"a529ccb\" data-element_type=\"container\" data-e-type=\"container\" id=\"technology\" data-settings=\"{&quot;background_background&quot;:&quot;classic&quot;}\">\n\t\t\t\t\t<div class=\"e-con-inner\">\n\t\t<div class=\"elementor-element elementor-element-83324c1 e-con-full e-flex e-con e-child\" data-id=\"83324c1\" data-element_type=\"container\" data-e-type=\"container\">\n\t\t\t\t<div class=\"elementor-element elementor-element-45f990c elementor-widget elementor-widget-heading\" data-id=\"45f990c\" data-element_type=\"widget\" data-e-type=\"widget\" data-widget_type=\"heading.default\">\n\t\t\t\t<div class=\"elementor-widget-container\">\n\t\t\t\t\t<h2 class=\"elementor-heading-title elementor-size-default\">Do\u011fan\u0131n Kalbinde Modern \u00dcretim<\/h2>\t\t\t\t<\/div>\n\t\t\t\t<\/div>\n\t\t\t\t<div class=\"elementor-element elementor-element-f80ed50 elementor-widget elementor-widget-text-editor\" data-id=\"f80ed50\" data-element_type=\"widget\" data-e-type=\"widget\" data-widget_type=\"text-editor.default\">\n\t\t\t\t<div class=\"elementor-widget-container\">\n\t\t\t\t\t\t\t\t\t<p>Yu-Ser Group\u2019un m\u00fchendislik g\u00fcc\u00fc ve vizyonundan ilham alan NiBi, do\u011fan\u0131n safl\u0131\u011f\u0131n\u0131 end\u00fcstriyel m\u00fckemmeliyetle bulu\u015fturur. <b data-path-to-node=\"8,0,1,0\" data-index-in-node=\"47\">Yu-Ser Group<\/b>NiBi, do\u011fan\u0131n safl\u0131\u011f\u0131n\u0131 end\u00fcstriyel m\u00fckemmeliyetle birle\u015ftirir.\"<\/p>\t\t\t\t\t\t\t\t<\/div>\n\t\t\t\t<\/div>\n\t\t\t\t<\/div>\n\t\t<div class=\"elementor-element elementor-element-c4f6020 e-con-full e-flex e-con e-child\" data-id=\"c4f6020\" data-element_type=\"container\" data-e-type=\"container\">\n\t\t\t\t<div class=\"elementor-element elementor-element-40a9718 elementor-widget elementor-widget-text-editor\" data-id=\"40a9718\" data-element_type=\"widget\" data-e-type=\"widget\" id=\"technology\" data-widget_type=\"text-editor.default\">\n\t\t\t\t<div class=\"elementor-widget-container\">\n\t\t\t\t\t\t\t\t\t<p>Tesisimiz sadece bir \u015fi\u015feleme fabrikas\u0131 de\u011fil; teknolojinin do\u011fay\u0131 korudu\u011fu bir s\u0131\u011f\u0131nakt\u0131r. Kaynak suyumuzun do\u011fal karakterini koruyan \u00e7ok a\u015famal\u0131 bir filtrasyon ve sterilizasyon s\u00fcreci uyguluyoruz. Binlerce aileye hizmet veren \u00fcretim kapasitemizle, \u00e7evre dostu uygulamalara ve s\u00fcrd\u00fcr\u00fclebilir kaynak y\u00f6netimine olan ba\u011fl\u0131l\u0131\u011f\u0131m\u0131z\u0131 s\u00fcrd\u00fcr\u00fcyoruz.<\/p>\t\t\t\t\t\t\t\t<\/div>\n\t\t\t\t<\/div>\n\t\t\t\t<div class=\"elementor-element elementor-element-7f646ff elementor-widget elementor-widget-text-editor\" data-id=\"7f646ff\" data-element_type=\"widget\" data-e-type=\"widget\" id=\"ProtectedLand\" data-widget_type=\"text-editor.default\">\n\t\t\t\t<div class=\"elementor-widget-container\">\n\t\t\t\t\t\t\t\t\t<p class=\"translation-block\">Tek bir misyonla kuruldu: Do\u011fal yap\u0131s\u0131ndan \u00f6d\u00fcn vermeden en saf suyu sunmak.\nG\u00f6lc\u00fck\u2019te bulunan \u00fcretim tesisimiz, 51.000 m\u00b2\u2019lik koruma alt\u0131ndaki arazi \u00fczerinde faaliyet g\u00f6stermektedir. Burada do\u011fan\u0131n m\u00fckemmelli\u011fini, en ileri \u015fi\u015feleme teknolojileriyle bulu\u015fturuyoruz.\nS\u0131f\u0131r insan temas\u0131, 0 hijyen ve s\u00fcrekli kalite kontrol s\u00fcre\u00e7leri sayesinde her \u015fi\u015fe, uluslararas\u0131 g\u00fcvenlik standartlar\u0131na uygun olarak \u00fcretilmektedir.<\/p>\t\t\t\t\t\t\t\t<\/div>\n\t\t\t\t<\/div>\n\t\t\t\t<\/div>\n\t\t\t\t\t<\/div>\n\t\t\t\t<\/div>\n\t\t<div class=\"elementor-element elementor-element-b8ecf27 e-flex e-con-boxed e-con e-parent\" data-id=\"b8ecf27\" data-element_type=\"container\" data-e-type=\"container\" data-settings=\"{&quot;background_background&quot;:&quot;classic&quot;}\">\n\t\t\t\t\t<div class=\"e-con-inner\">\n\t\t<div class=\"elementor-element elementor-element-a77a16d e-con-full e-flex e-con e-child\" data-id=\"a77a16d\" data-element_type=\"container\" data-e-type=\"container\">\n\t\t\t\t<div class=\"elementor-element elementor-element-39e4e6a elementor-widget elementor-widget-hfe-infocard\" data-id=\"39e4e6a\" data-element_type=\"widget\" data-e-type=\"widget\" data-widget_type=\"hfe-infocard.default\">\n\t\t\t\t<div class=\"elementor-widget-container\">\n\t\t\t\t\t\n\t\t<div class=\"hfe-infocard\">\n\t\t\t\t\t\t\t\t\t<div class=\"hfe-infocard-title-wrap\">\n\t\t\t\t<h2 class=\"hfe-infocard-title elementor-inline-editing\" data-elementor-setting-key=\"infocard_title\" data-elementor-inline-editing-toolbar=\"basic\" >Misyonumuz<\/h2>\t\t\t<\/div>\n\t\t\t\t\t\t<div class=\"hfe-infocard-text-wrap\">\n\t\t\t\t<div class=\"hfe-infocard-text elementor-inline-editing\" data-elementor-setting-key=\"infocard_description\" data-elementor-inline-editing-toolbar=\"advanced\">\n\t\t\t\t\tDo\u011fan\u0131n zirvesindeki tertemiz safl\u0131\u011f\u0131, s\u00fcrd\u00fcr\u00fclebilir ve yenilik\u00e7i \u00fcretimle her sofraya ula\u015ft\u0131rmak ve herkes i\u00e7in sa\u011fl\u0131kl\u0131 su t\u00fcketimi sa\u011flamak\t\t\t\t<\/div>\n\t\t\t\t\t\t\t<\/div>\n\t\t<\/div>\n\n\t\t\t\t\t\t<\/div>\n\t\t\t\t<\/div>\n\t\t\t\t<\/div>\n\t\t<div class=\"elementor-element elementor-element-3aa5dc7 e-con-full e-flex e-con e-child\" data-id=\"3aa5dc7\" data-element_type=\"container\" data-e-type=\"container\">\n\t\t\t\t<div class=\"elementor-element elementor-element-85197e5 elementor-widget elementor-widget-hfe-infocard\" data-id=\"85197e5\" data-element_type=\"widget\" data-e-type=\"widget\" data-widget_type=\"hfe-infocard.default\">\n\t\t\t\t<div class=\"elementor-widget-container\">\n\t\t\t\t\t\n\t\t<div class=\"hfe-infocard\">\n\t\t\t\t\t\t\t\t\t<div class=\"hfe-infocard-title-wrap\">\n\t\t\t\t<h2 class=\"hfe-infocard-title elementor-inline-editing\" data-elementor-setting-key=\"infocard_title\" data-elementor-inline-editing-toolbar=\"basic\" >Vizyonumuz<\/h2>\t\t\t<\/div>\n\t\t\t\t\t\t<div class=\"hfe-infocard-text-wrap\">\n\t\t\t\t<div class=\"hfe-infocard-text elementor-inline-editing\" data-elementor-setting-key=\"infocard_description\" data-elementor-inline-editing-toolbar=\"advanced\">\n\t\t\t\t\tSu end\u00fcstrisinde do\u011fal b\u00fct\u00fcnl\u00fc\u011f\u00fcn ve m\u00fckemmelli\u011fin k\u00fcresel simgesi haline gelerek, daha sa\u011fl\u0131kl\u0131 bir gelecek i\u00e7in standartlar\u0131 belirlemek.\t\t\t\t<\/div>\n\t\t\t\t\t\t\t<\/div>\n\t\t<\/div>\n\n\t\t\t\t\t\t<\/div>\n\t\t\t\t<\/div>\n\t\t\t\t<\/div>\n\t\t<div class=\"elementor-element elementor-element-fb13782 e-con-full e-flex e-con e-child\" data-id=\"fb13782\" data-element_type=\"container\" data-e-type=\"container\">\n\t\t\t\t<div class=\"elementor-element elementor-element-0a49ce4 elementor-widget elementor-widget-heading\" data-id=\"0a49ce4\" data-element_type=\"widget\" data-e-type=\"widget\" data-widget_type=\"heading.default\">\n\t\t\t\t<div class=\"elementor-widget-container\">\n\t\t\t\t\t<h2 class=\"elementor-heading-title elementor-size-default\">De\u011ferlerimiz<\/h2>\t\t\t\t<\/div>\n\t\t\t\t<\/div>\n\t\t\t\t<div class=\"elementor-element elementor-element-c71cf66 elementor-icon-list--layout-traditional elementor-list-item-link-full_width elementor-widget elementor-widget-icon-list\" data-id=\"c71cf66\" data-element_type=\"widget\" data-e-type=\"widget\" data-widget_type=\"icon-list.default\">\n\t\t\t\t<div class=\"elementor-widget-container\">\n\t\t\t\t\t\t\t<ul class=\"elementor-icon-list-items\">\n\t\t\t\t\t\t\t<li class=\"elementor-icon-list-item\">\n\t\t\t\t\t\t\t\t\t\t\t<span class=\"elementor-icon-list-icon\">\n\t\t\t\t\t\t\t<i aria-hidden=\"true\" class=\"fas fa-leaf\"><\/i>\t\t\t\t\t\t<\/span>\n\t\t\t\t\t\t\t\t\t\t<span class=\"elementor-icon-list-text\">Tavizsiz Safl\u0131k: Kayna\u011f\u0131m\u0131z\u0131n do\u011fal yap\u0131s\u0131na duyulan sayg\u0131.<\/span>\n\t\t\t\t\t\t\t\t\t<\/li>\n\t\t\t\t\t\t\t\t<li class=\"elementor-icon-list-item\">\n\t\t\t\t\t\t\t\t\t\t\t<span class=\"elementor-icon-list-icon\">\n\t\t\t\t\t\t\t<i aria-hidden=\"true\" class=\"fas fa-leaf\"><\/i>\t\t\t\t\t\t<\/span>\n\t\t\t\t\t\t\t\t\t\t<span class=\"elementor-icon-list-text\">\u00c7evresel Sorumluluk: Her ad\u0131mda s\u00fcrd\u00fcr\u00fclebilir uygulamalar.<\/span>\n\t\t\t\t\t\t\t\t\t<\/li>\n\t\t\t\t\t\t\t\t<li class=\"elementor-icon-list-item\">\n\t\t\t\t\t\t\t\t\t\t\t<span class=\"elementor-icon-list-icon\">\n\t\t\t\t\t\t\t<i aria-hidden=\"true\" class=\"fas fa-leaf\"><\/i>\t\t\t\t\t\t<\/span>\n\t\t\t\t\t\t\t\t\t\t<span class=\"elementor-icon-list-text\">K\u00fcresel Standartlar: 0 hijyen ve g\u00fcvenlik garantisi.<\/span>\n\t\t\t\t\t\t\t\t\t<\/li>\n\t\t\t\t\t\t<\/ul>\n\t\t\t\t\t\t<\/div>\n\t\t\t\t<\/div>\n\t\t\t\t<\/div>\n\t\t\t\t\t<\/div>\n\t\t\t\t<\/div>\n\t\t\t\t<\/div>","protected":false},"excerpt":{"rendered":"<p>The Journey of Purity Every drop tells a story of patience. Filtered naturally through the ancient rocks of G\u00f6lc\u00fck for years, enriching itself with minerals before it ever sees the light of day. We are just the guardians of this natural miracle. Modern Production in the Heart of Nature Backed by the engineering power and [&hellip;]<\/p>","protected":false},"author":1,"featured_media":0,"parent":0,"menu_order":0,"comment_status":"closed","ping_status":"closed","template":"","meta":{"site-sidebar-layout":"no-sidebar","site-content-layout":"page-builder","ast-site-content-layout":"default","site-content-style":"default","site-sidebar-style":"default","ast-global-header-display":"","ast-banner-title-visibility":"","ast-main-header-display":"","ast-hfb-above-header-display":"","ast-hfb-below-header-display":"","ast-hfb-mobile-header-display":"","site-post-title":"disabled","ast-breadcrumbs-content":"","ast-featured-img":"","footer-sml-layout":"","ast-disable-related-posts":"","theme-transparent-header-meta":"enabled","adv-header-id-meta":"","stick-header-meta":"","header-above-stick-meta":"","header-main-stick-meta":"","header-below-stick-meta":"","astra-migrate-meta-layouts":"default","ast-page-background-enabled":"default","ast-page-background-meta":{"desktop":{"background-color":"","background-image":"","background-repeat":"repeat","background-position":"center center","background-size":"auto","background-attachment":"scroll","background-type":"","background-media":"","overlay-type":"","overlay-color":"","overlay-opacity":"","overlay-gradient":""},"tablet":{"background-color":"","background-image":"","background-repeat":"repeat","background-position":"center center","background-size":"auto","background-attachment":"scroll","background-type":"","background-media":"","overlay-type":"","overlay-color":"","overlay-opacity":"","overlay-gradient":""},"mobile":{"background-color":"","background-image":"","background-repeat":"repeat","background-position":"center center","background-size":"auto","background-attachment":"scroll","background-type":"","background-media":"","overlay-type":"","overlay-color":"","overlay-opacity":"","overlay-gradient":""}},"ast-content-background-meta":{"desktop":{"background-color":"var(--ast-global-color-5)","background-image":"","background-repeat":"repeat","background-position":"center center","background-size":"auto","background-attachment":"scroll","background-type":"","background-media":"","overlay-type":"","overlay-color":"","overlay-opacity":"","overlay-gradient":""},"tablet":{"background-color":"var(--ast-global-color-5)","background-image":"","background-repeat":"repeat","background-position":"center center","background-size":"auto","background-attachment":"scroll","background-type":"","background-media":"","overlay-type":"","overlay-color":"","overlay-opacity":"","overlay-gradient":""},"mobile":{"background-color":"var(--ast-global-color-5)","background-image":"","background-repeat":"repeat","background-position":"center center","background-size":"auto","background-attachment":"scroll","background-type":"","background-media":"","overlay-type":"","overlay-color":"","overlay-opacity":"","overlay-gradient":""}},"footnotes":""},"class_list":["post-31","page","type-page","status-publish","hentry"],"_links":{"self":[{"href":"https:\/\/nibilife.com\/tr\/wp-json\/wp\/v2\/pages\/31","targetHints":{"allow":["GET"]}}],"collection":[{"href":"https:\/\/nibilife.com\/tr\/wp-json\/wp\/v2\/pages"}],"about":[{"href":"https:\/\/nibilife.com\/tr\/wp-json\/wp\/v2\/types\/page"}],"author":[{"embeddable":true,"href":"https:\/\/nibilife.com\/tr\/wp-json\/wp\/v2\/users\/1"}],"replies":[{"embeddable":true,"href":"https:\/\/nibilife.com\/tr\/wp-json\/wp\/v2\/comments?post=31"}],"version-history":[{"count":61,"href":"https:\/\/nibilife.com\/tr\/wp-json\/wp\/v2\/pages\/31\/revisions"}],"predecessor-version":[{"id":1871,"href":"https:\/\/nibilife.com\/tr\/wp-json\/wp\/v2\/pages\/31\/revisions\/1871"}],"wp:attachment":[{"href":"https:\/\/nibilife.com\/tr\/wp-json\/wp\/v2\/media?parent=31"}],"curies":[{"name":"wp","href":"https:\/\/api.w.org\/{rel}","templated":true}]}}